{"id":154,"date":"2025-09-24T20:28:11","date_gmt":"2025-09-24T20:28:11","guid":{"rendered":"https:\/\/ntrasradelcarmen.edu.co\/start\/activities\/"},"modified":"2025-11-17T18:37:09","modified_gmt":"2025-11-17T18:37:09","slug":"actividades-institucionales","status":"publish","type":"page","link":"https:\/\/ntrasradelcarmen.edu.co\/start\/actividades-institucionales\/","title":{"rendered":"Actividades Institucionales"},"content":{"rendered":"\t\t<div data-elementor-type=\"wp-page\" data-elementor-id=\"154\" class=\"elementor elementor-154\">\n\t\t\t\t<div class=\"elementor-element elementor-element-beda2a3 e-con-full e-flex e-con e-parent\" data-id=\"beda2a3\" data-element_type=\"container\" data-settings=\"{&quot;background_background&quot;:&quot;classic&quot;}\">\n\t\t<div class=\"elementor-element elementor-element-782aa6d e-con-full e-flex e-con e-child\" data-id=\"782aa6d\" data-element_type=\"container\">\n\t\t\t\t<div class=\"elementor-element elementor-element-e2d10c4 elementor-widget elementor-widget-heading\" data-id=\"e2d10c4\" data-element_type=\"widget\" data-widget_type=\"heading.default\">\n\t\t\t\t<div class=\"elementor-widget-container\">\n\t\t\t\t\t<h1 class=\"elementor-heading-title elementor-size-default\">Actividades Institucionales<\/h1>\t\t\t\t<\/div>\n\t\t\t\t<\/div>\n\t\t\t\t<\/div>\n\t\t\t\t<\/div>\n\t\t<div class=\"elementor-element elementor-element-c0a118f e-con-full e-flex e-con e-parent\" data-id=\"c0a118f\" data-element_type=\"container\">\n\t\t\t\t<div class=\"elementor-element elementor-element-f800b46 elementor-widget elementor-widget-contentviews_widget_scrollable\" data-id=\"f800b46\" data-element_type=\"widget\" data-widget_type=\"contentviews_widget_scrollable.default\">\n\t\t\t\t<div class=\"elementor-widget-container\">\n\t\t\t\t\t<div class='pt-cv-wrapper'> <div class=\"pt-cv-view pt-cv-scrollable pt-cv-colsys iscvblock iscvelementor scrollable layout1\" id=\"pt-cv-view-f800b46\"><div data-id=\"pt-cv-page-1\" class=\"pt-cv-page\" data-cvc=\"3\"><div id=\"f779d19u7r\" class=\"pt-cv-carousel pt-cv-slide\" data-ride=\"cvcarousel\" data-interval=false><ol class=\"pt-cv-carousel-indicators\"><li data-target=\"#f779d19u7r\" data-cvslide-to=\"0\" class=\"active\"><\/li>\n<li data-target=\"#f779d19u7r\" data-cvslide-to=\"1\" class=\"\"><\/li>\n<li data-target=\"#f779d19u7r\" data-cvslide-to=\"2\" class=\"\"><\/li><\/ol>\n<div class=\"carousel-inner\"><div class=\"item active\"><div class=\"row\"><div class=\"col-md-4 pt-cv-content-item pt-cv-1-col\" ><div class=\"pt-cv-thumb-wrapper  \"><a href=\"https:\/\/ntrasradelcarmen.edu.co\/start\/despedida-11-2025\/\" class=\"_self pt-cv-href-thumbnail pt-cv-thumb-default\" target=\"_self\" ><img fetchpriority=\"high\" decoding=\"async\" width=\"1024\" height=\"819\" src=\"https:\/\/ntrasradelcarmen.edu.co\/start\/wp-content\/uploads\/2025\/11\/Despedida-a-11\u00b0-2025-5-e1763249051104-1024x819.jpeg\" class=\"pt-cv-thumbnail\" alt=\"\" \/><\/a><\/div>\n<div class=\"pt-cv-carousel-caption pt-cv-cap-w-img\"><div class=\"pt-cv-taxoterm above_title\"><a href='https:\/\/ntrasradelcarmen.edu.co\/start\/category\/actividades-institucionales\/' title='Actividades Institucionales' class='pt-cv-tax-actividades-institucionales'>Actividades Institucionales<\/a><\/div>\n<h4 class=\"pt-cv-title\"><a href=\"https:\/\/ntrasradelcarmen.edu.co\/start\/despedida-11-2025\/\" class=\"_self\" target=\"_self\" >Despedida 11\u00b0 &#8211; 2025<\/a><\/h4>\n<div class=\"pt-cv-rmwrap\"><a href=\"https:\/\/ntrasradelcarmen.edu.co\/start\/despedida-11-2025\/\" class=\"_self pt-cv-readmore btn btn-success\" target=\"_self\" >Leer M\u00e1s<\/a><\/div>\n<div class=\"pt-cv-meta-fields\"><span class=\"entry-date\"> <time datetime=\"2025-11-15T23:21:17+00:00\">noviembre 15, 2025<\/time><\/span><span> \/ <\/span><span class=\"author\"> <a href=\"https:\/\/ntrasradelcarmen.edu.co\/start\/author\/jds\/\" rel=\"author\">Jamir Donado Sayed<\/a><\/span><\/div><\/div><\/div>\n<div class=\"col-md-4 pt-cv-content-item pt-cv-1-col\" ><div class=\"pt-cv-thumb-wrapper  \"><a href=\"https:\/\/ntrasradelcarmen.edu.co\/start\/inscar-54-anos\/\" class=\"_self pt-cv-href-thumbnail pt-cv-thumb-default\" target=\"_self\" ><img decoding=\"async\" width=\"1024\" height=\"775\" src=\"https:\/\/ntrasradelcarmen.edu.co\/start\/wp-content\/uploads\/2025\/11\/WhatsApp-Image-2025-11-05-at-5.08.39-PM-6-1024x775.jpeg\" class=\"pt-cv-thumbnail\" alt=\"\" \/><\/a><\/div>\n<div class=\"pt-cv-carousel-caption pt-cv-cap-w-img\"><div class=\"pt-cv-taxoterm above_title\"><a href='https:\/\/ntrasradelcarmen.edu.co\/start\/category\/actividades-institucionales\/' title='Actividades Institucionales' class='pt-cv-tax-actividades-institucionales'>Actividades Institucionales<\/a><\/div>\n<h4 class=\"pt-cv-title\"><a href=\"https:\/\/ntrasradelcarmen.edu.co\/start\/inscar-54-anos\/\" class=\"_self\" target=\"_self\" >Inscar 54 a\u00f1os<\/a><\/h4>\n<div class=\"pt-cv-rmwrap\"><a href=\"https:\/\/ntrasradelcarmen.edu.co\/start\/inscar-54-anos\/\" class=\"_self pt-cv-readmore btn btn-success\" target=\"_self\" >Leer M\u00e1s<\/a><\/div>\n<div class=\"pt-cv-meta-fields\"><span class=\"entry-date\"> <time datetime=\"2025-11-06T00:11:43+00:00\">noviembre 6, 2025<\/time><\/span><span> \/ <\/span><span class=\"author\"> <a href=\"https:\/\/ntrasradelcarmen.edu.co\/start\/author\/jds\/\" rel=\"author\">Jamir Donado Sayed<\/a><\/span><\/div><\/div><\/div>\n<div class=\"col-md-4 pt-cv-content-item pt-cv-1-col\" ><div class=\"pt-cv-thumb-wrapper  \"><a href=\"https:\/\/ntrasradelcarmen.edu.co\/start\/sena-2025\/\" class=\"_self pt-cv-href-thumbnail pt-cv-thumb-default\" target=\"_self\" ><img decoding=\"async\" width=\"960\" height=\"558\" src=\"https:\/\/ntrasradelcarmen.edu.co\/start\/wp-content\/uploads\/2025\/10\/Sena-2025-e1762021743420.jpg\" class=\"pt-cv-thumbnail\" alt=\"\" \/><\/a><\/div>\n<div class=\"pt-cv-carousel-caption pt-cv-cap-w-img\"><div class=\"pt-cv-taxoterm above_title\"><a href='https:\/\/ntrasradelcarmen.edu.co\/start\/category\/actividades-institucionales\/' title='Actividades Institucionales' class='pt-cv-tax-actividades-institucionales'>Actividades Institucionales<\/a><\/div>\n<h4 class=\"pt-cv-title\"><a href=\"https:\/\/ntrasradelcarmen.edu.co\/start\/sena-2025\/\" class=\"_self\" target=\"_self\" >SENA 2025<\/a><\/h4>\n<div class=\"pt-cv-rmwrap\"><a href=\"https:\/\/ntrasradelcarmen.edu.co\/start\/sena-2025\/\" class=\"_self pt-cv-readmore btn btn-success\" target=\"_self\" >Leer M\u00e1s<\/a><\/div>\n<div class=\"pt-cv-meta-fields\"><span class=\"entry-date\"> <time datetime=\"2025-10-27T04:03:10+00:00\">octubre 27, 2025<\/time><\/span><span> \/ <\/span><span class=\"author\"> <a href=\"https:\/\/ntrasradelcarmen.edu.co\/start\/author\/jds\/\" rel=\"author\">Jamir Donado Sayed<\/a><\/span><\/div><\/div><\/div><\/div><\/div>\n<div class=\"item\"><div class=\"row\"><div class=\"col-md-4 pt-cv-content-item pt-cv-1-col\" ><div class=\"pt-cv-thumb-wrapper  \"><a href=\"https:\/\/ntrasradelcarmen.edu.co\/start\/programa-de-alimentacion-escolar-dia-mundial-de-la-alimentacion\/\" class=\"_self pt-cv-href-thumbnail pt-cv-thumb-default\" target=\"_self\" ><img loading=\"lazy\" decoding=\"async\" width=\"1024\" height=\"576\" src=\"https:\/\/ntrasradelcarmen.edu.co\/start\/wp-content\/uploads\/2025\/10\/Grupo-de-Redes-Sociales-2025-1024x576.jpg\" class=\"pt-cv-thumbnail\" alt=\"\" \/><\/a><\/div>\n<div class=\"pt-cv-carousel-caption pt-cv-cap-w-img\"><div class=\"pt-cv-taxoterm above_title\"><a href='https:\/\/ntrasradelcarmen.edu.co\/start\/category\/actividades-institucionales\/' title='Actividades Institucionales' class='pt-cv-tax-actividades-institucionales'>Actividades Institucionales<\/a><\/div>\n<h4 class=\"pt-cv-title\"><a href=\"https:\/\/ntrasradelcarmen.edu.co\/start\/programa-de-alimentacion-escolar-dia-mundial-de-la-alimentacion\/\" class=\"_self\" target=\"_self\" >Programa de Alimentaci\u00f3n Escolar &#8211; PAE &#8211; D\u00eda Mundial de la Alimentaci\u00f3n &#8211; Inscar 2025<\/a><\/h4>\n<div class=\"pt-cv-rmwrap\"><a href=\"https:\/\/ntrasradelcarmen.edu.co\/start\/programa-de-alimentacion-escolar-dia-mundial-de-la-alimentacion\/\" class=\"_self pt-cv-readmore btn btn-success\" target=\"_self\" >Leer M\u00e1s<\/a><\/div>\n<div class=\"pt-cv-meta-fields\"><span class=\"entry-date\"> <time datetime=\"2025-10-27T03:07:31+00:00\">octubre 27, 2025<\/time><\/span><span> \/ <\/span><span class=\"author\"> <a href=\"https:\/\/ntrasradelcarmen.edu.co\/start\/author\/jds\/\" rel=\"author\">Jamir Donado Sayed<\/a><\/span><\/div><\/div><\/div>\n<div class=\"col-md-4 pt-cv-content-item pt-cv-1-col\" ><div class=\"pt-cv-thumb-wrapper  \"><a href=\"https:\/\/ntrasradelcarmen.edu.co\/start\/inclusion-inscar-2025\/\" class=\"_self pt-cv-href-thumbnail pt-cv-thumb-default\" target=\"_self\" ><img loading=\"lazy\" decoding=\"async\" width=\"1024\" height=\"576\" src=\"https:\/\/ntrasradelcarmen.edu.co\/start\/wp-content\/uploads\/2025\/10\/Inclusion-.jpg\" class=\"pt-cv-thumbnail\" alt=\"\" \/><\/a><\/div>\n<div class=\"pt-cv-carousel-caption pt-cv-cap-w-img\"><div class=\"pt-cv-taxoterm above_title\"><a href='https:\/\/ntrasradelcarmen.edu.co\/start\/category\/actividades-institucionales\/' title='Actividades Institucionales' class='pt-cv-tax-actividades-institucionales'>Actividades Institucionales<\/a><\/div>\n<h4 class=\"pt-cv-title\"><a href=\"https:\/\/ntrasradelcarmen.edu.co\/start\/inclusion-inscar-2025\/\" class=\"_self\" target=\"_self\" >Inclusi\u00f3n Inscar 2025<\/a><\/h4>\n<div class=\"pt-cv-rmwrap\"><a href=\"https:\/\/ntrasradelcarmen.edu.co\/start\/inclusion-inscar-2025\/\" class=\"_self pt-cv-readmore btn btn-success\" target=\"_self\" >Leer M\u00e1s<\/a><\/div>\n<div class=\"pt-cv-meta-fields\"><span class=\"entry-date\"> <time datetime=\"2025-10-26T17:07:56+00:00\">octubre 26, 2025<\/time><\/span><span> \/ <\/span><span class=\"author\"> <a href=\"https:\/\/ntrasradelcarmen.edu.co\/start\/author\/jds\/\" rel=\"author\">Jamir Donado Sayed<\/a><\/span><\/div><\/div><\/div>\n<div class=\"col-md-4 pt-cv-content-item pt-cv-1-col\" ><div class=\"pt-cv-thumb-wrapper  \"><a href=\"https:\/\/ntrasradelcarmen.edu.co\/start\/mejores-puntajes-icfes-2025\/\" class=\"_self pt-cv-href-thumbnail pt-cv-thumb-default\" target=\"_self\" ><img loading=\"lazy\" decoding=\"async\" width=\"698\" height=\"1024\" src=\"https:\/\/ntrasradelcarmen.edu.co\/start\/wp-content\/uploads\/2025\/10\/Mejores-resultados-pruebas-saber-698x1024.jpeg\" class=\"pt-cv-thumbnail\" alt=\"\" \/><\/a><\/div>\n<div class=\"pt-cv-carousel-caption pt-cv-cap-w-img\"><div class=\"pt-cv-taxoterm above_title\"><a href='https:\/\/ntrasradelcarmen.edu.co\/start\/category\/actividades-institucionales\/' title='Actividades Institucionales' class='pt-cv-tax-actividades-institucionales'>Actividades Institucionales<\/a><\/div>\n<h4 class=\"pt-cv-title\"><a href=\"https:\/\/ntrasradelcarmen.edu.co\/start\/mejores-puntajes-icfes-2025\/\" class=\"_self\" target=\"_self\" >Mejores Puntajes Icfes 2025<\/a><\/h4>\n<div class=\"pt-cv-rmwrap\"><a href=\"https:\/\/ntrasradelcarmen.edu.co\/start\/mejores-puntajes-icfes-2025\/\" class=\"_self pt-cv-readmore btn btn-success\" target=\"_self\" >Leer M\u00e1s<\/a><\/div>\n<div class=\"pt-cv-meta-fields\"><span class=\"entry-date\"> <time datetime=\"2025-10-25T17:36:51+00:00\">octubre 25, 2025<\/time><\/span><span> \/ <\/span><span class=\"author\"> <a href=\"https:\/\/ntrasradelcarmen.edu.co\/start\/author\/jds\/\" rel=\"author\">Jamir Donado Sayed<\/a><\/span><\/div><\/div><\/div><\/div><\/div>\n<div class=\"item\"><div class=\"row\"><div class=\"col-md-4 pt-cv-content-item pt-cv-1-col\" ><div class=\"pt-cv-thumb-wrapper  \"><a href=\"https:\/\/ntrasradelcarmen.edu.co\/start\/celebracion-juegos-intercursos-2025\/\" class=\"_self pt-cv-href-thumbnail pt-cv-thumb-default\" target=\"_self\" ><img loading=\"lazy\" decoding=\"async\" width=\"1024\" height=\"768\" src=\"https:\/\/ntrasradelcarmen.edu.co\/start\/wp-content\/uploads\/2025\/10\/WhatsApp-Image-2025-11-07-at-8.33.09-AM-1024x768.jpeg\" class=\"pt-cv-thumbnail\" alt=\"\" \/><\/a><\/div>\n<div class=\"pt-cv-carousel-caption pt-cv-cap-w-img\"><div class=\"pt-cv-taxoterm above_title\"><a href='https:\/\/ntrasradelcarmen.edu.co\/start\/category\/actividades-institucionales\/' title='Actividades Institucionales' class='pt-cv-tax-actividades-institucionales'>Actividades Institucionales<\/a><\/div>\n<h4 class=\"pt-cv-title\"><a href=\"https:\/\/ntrasradelcarmen.edu.co\/start\/celebracion-juegos-intercursos-2025\/\" class=\"_self\" target=\"_self\" >Celebraci\u00f3n de juegos intercursos \u201cCOPA LIBERTADORES\u201d Inscar 2025<\/a><\/h4>\n<div class=\"pt-cv-rmwrap\"><a href=\"https:\/\/ntrasradelcarmen.edu.co\/start\/celebracion-juegos-intercursos-2025\/\" class=\"_self pt-cv-readmore btn btn-success\" target=\"_self\" >Leer M\u00e1s<\/a><\/div>\n<div class=\"pt-cv-meta-fields\"><span class=\"entry-date\"> <time datetime=\"2025-10-02T16:44:27+00:00\">octubre 2, 2025<\/time><\/span><span> \/ <\/span><span class=\"author\"> <a href=\"https:\/\/ntrasradelcarmen.edu.co\/start\/author\/adminelcarmen\/\" rel=\"author\">adminelcarmen<\/a><\/span><\/div><\/div><\/div>\n<div class=\"col-md-4 pt-cv-content-item pt-cv-1-col\" ><div class=\"pt-cv-thumb-wrapper  \"><a href=\"https:\/\/ntrasradelcarmen.edu.co\/start\/celebracion-dia-del-docente-2025\/\" class=\"_self pt-cv-href-thumbnail pt-cv-thumb-default\" target=\"_self\" ><img loading=\"lazy\" decoding=\"async\" width=\"1024\" height=\"768\" src=\"https:\/\/ntrasradelcarmen.edu.co\/start\/wp-content\/uploads\/2025\/09\/galeria6-1024x768.jpg\" class=\"pt-cv-thumbnail\" alt=\"galeria6\" \/><\/a><\/div>\n<div class=\"pt-cv-carousel-caption pt-cv-cap-w-img\"><div class=\"pt-cv-taxoterm above_title\"><a href='https:\/\/ntrasradelcarmen.edu.co\/start\/category\/actividades-institucionales\/' title='Actividades Institucionales' class='pt-cv-tax-actividades-institucionales'>Actividades Institucionales<\/a><\/div>\n<h4 class=\"pt-cv-title\"><a href=\"https:\/\/ntrasradelcarmen.edu.co\/start\/celebracion-dia-del-docente-2025\/\" class=\"_self\" target=\"_self\" >Celebraci\u00f3n d\u00eda del docente 2025<\/a><\/h4>\n<div class=\"pt-cv-rmwrap\"><a href=\"https:\/\/ntrasradelcarmen.edu.co\/start\/celebracion-dia-del-docente-2025\/\" class=\"_self pt-cv-readmore btn btn-success\" target=\"_self\" >Leer M\u00e1s<\/a><\/div>\n<div class=\"pt-cv-meta-fields\"><span class=\"entry-date\"> <time datetime=\"2025-10-02T15:40:47+00:00\">octubre 2, 2025<\/time><\/span><span> \/ <\/span><span class=\"author\"> <a href=\"https:\/\/ntrasradelcarmen.edu.co\/start\/author\/adminelcarmen\/\" rel=\"author\">adminelcarmen<\/a><\/span><\/div><\/div><\/div><\/div><\/div><\/div>\n<a class=\"left carousel-control\" data-target=\"#f779d19u7r\" data-cvslide=\"prev\">\r\n\t\t\t\t\t\t<span class=\"glyphicon glyphicon-chevron-left\"><\/span>\r\n\t\t\t\t\t<\/a>\r\n\t\t\t\t\t<a class=\"right carousel-control\" data-target=\"#f779d19u7r\" data-cvslide=\"next\">\r\n\t\t\t\t\t\t<span class=\"glyphicon glyphicon-chevron-right\"><\/span>\r\n\t\t\t\t\t<\/a><\/div><\/div><\/div> <\/div> \t\t\t\t<\/div>\n\t\t\t\t<\/div>\n\t\t\t\t<\/div>\n\t\t<div class=\"elementor-element elementor-element-ba6510f e-flex e-con-boxed e-con e-parent\" data-id=\"ba6510f\" data-element_type=\"container\" data-settings=\"{&quot;background_background&quot;:&quot;classic&quot;}\">\n\t\t\t\t\t<div class=\"e-con-inner\">\n\t\t\t\t<div class=\"elementor-element elementor-element-e225cfa elementor-widget elementor-widget-image-box\" data-id=\"e225cfa\" data-element_type=\"widget\" data-widget_type=\"image-box.default\">\n\t\t\t\t<div class=\"elementor-widget-container\">\n\t\t\t\t\t<div class=\"elementor-image-box-wrapper\"><div class=\"elementor-image-box-content\"><h2 class=\"elementor-image-box-title\">Revisa nuestros cronogramas<\/h2><\/div><\/div>\t\t\t\t<\/div>\n\t\t\t\t<\/div>\n\t\t\t\t<div class=\"elementor-element elementor-element-6861aa6 elementor-align-center elementor-widget elementor-widget-button\" data-id=\"6861aa6\" data-element_type=\"widget\" data-widget_type=\"button.default\">\n\t\t\t\t<div class=\"elementor-widget-container\">\n\t\t\t\t\t\t\t\t\t<div class=\"elementor-button-wrapper\">\n\t\t\t\t\t<a class=\"elementor-button elementor-button-link elementor-size-sm\" href=\"https:\/\/ntrasradelcarmen.edu.co\/start\/cronogramas\/\">\n\t\t\t\t\t\t<span class=\"elementor-button-content-wrapper\">\n\t\t\t\t\t\t\t\t\t<span class=\"elementor-button-text\">Clic aqu\u00ed!<\/span>\n\t\t\t\t\t<\/span>\n\t\t\t\t\t<\/a>\n\t\t\t\t<\/div>\n\t\t\t\t\t\t\t\t<\/div>\n\t\t\t\t<\/div>\n\t\t\t\t\t<\/div>\n\t\t\t\t<\/div>\n\t\t\t\t<\/div>\n\t\t","protected":false},"excerpt":{"rendered":"<p>Actividades Institucionales Actividades Institucionales Despedida 11\u00b0 &#8211; 2025 Leer M\u00e1s noviembre 15, 2025 \/ Jamir Donado Sayed Actividades Institucionales Inscar 54 a\u00f1os Leer M\u00e1s noviembre 6, 2025 \/ Jamir Donado Sayed Actividades Institucionales SENA 2025 Leer M\u00e1s octubre 27, 2025 \/ Jamir Donado Sayed Actividades Institucionales Programa de Alimentaci\u00f3n Escolar &#8211; PAE &#8211; D\u00eda Mundial [&hellip;]<\/p>\n","protected":false},"author":1,"featured_media":0,"parent":0,"menu_order":0,"comment_status":"closed","ping_status":"closed","template":"","meta":{"site-sidebar-layout":"no-sidebar","site-content-layout":"page-builder","ast-site-content-layout":"default","site-content-style":"default","site-sidebar-style":"default","ast-global-header-display":"","ast-banner-title-visibility":"","ast-main-header-display":"","ast-hfb-above-header-display":"","ast-hfb-below-header-display":"","ast-hfb-mobile-header-display":"","site-post-title":"disabled","ast-breadcrumbs-content":"disabled","ast-featured-img":"disabled","footer-sml-layout":"","theme-transparent-header-meta":"default","adv-header-id-meta":"","stick-header-meta":"","header-above-stick-meta":"","header-main-stick-meta":"","header-below-stick-meta":"","astra-migrate-meta-layouts":"default","ast-page-background-enabled":"default","ast-page-background-meta":{"desktop":{"background-color":"","background-image":"","background-repeat":"repeat","background-position":"center center","background-size":"auto","background-attachment":"scroll","background-type":"","background-media":"","overlay-type":"","overlay-color":"","overlay-opacity":"","overlay-gradient":""},"tablet":{"background-color":"","background-image":"","background-repeat":"repeat","background-position":"center center","background-size":"auto","background-attachment":"scroll","background-type":"","background-media":"","overlay-type":"","overlay-color":"","overlay-opacity":"","overlay-gradient":""},"mobile":{"background-color":"","background-image":"","background-repeat":"repeat","background-position":"center center","background-size":"auto","background-attachment":"scroll","background-type":"","background-media":"","overlay-type":"","overlay-color":"","overlay-opacity":"","overlay-gradient":""}},"ast-content-background-meta":{"desktop":{"background-color":"var(--ast-global-color-5)","background-image":"","background-repeat":"repeat","background-position":"center center","background-size":"auto","background-attachment":"scroll","background-type":"","background-media":"","overlay-type":"","overlay-color":"","overlay-opacity":"","overlay-gradient":""},"tablet":{"background-color":"var(--ast-global-color-5)","background-image":"","background-repeat":"repeat","background-position":"center center","background-size":"auto","background-attachment":"scroll","background-type":"","background-media":"","overlay-type":"","overlay-color":"","overlay-opacity":"","overlay-gradient":""},"mobile":{"background-color":"var(--ast-global-color-5)","background-image":"","background-repeat":"repeat","background-position":"center center","background-size":"auto","background-attachment":"scroll","background-type":"","background-media":"","overlay-type":"","overlay-color":"","overlay-opacity":"","overlay-gradient":""}},"footnotes":""},"class_list":["post-154","page","type-page","status-publish","hentry"],"_links":{"self":[{"href":"https:\/\/ntrasradelcarmen.edu.co\/start\/wp-json\/wp\/v2\/pages\/154","targetHints":{"allow":["GET"]}}],"collection":[{"href":"https:\/\/ntrasradelcarmen.edu.co\/start\/wp-json\/wp\/v2\/pages"}],"about":[{"href":"https:\/\/ntrasradelcarmen.edu.co\/start\/wp-json\/wp\/v2\/types\/page"}],"author":[{"embeddable":true,"href":"https:\/\/ntrasradelcarmen.edu.co\/start\/wp-json\/wp\/v2\/users\/1"}],"replies":[{"embeddable":true,"href":"https:\/\/ntrasradelcarmen.edu.co\/start\/wp-json\/wp\/v2\/comments?post=154"}],"version-history":[{"count":28,"href":"https:\/\/ntrasradelcarmen.edu.co\/start\/wp-json\/wp\/v2\/pages\/154\/revisions"}],"predecessor-version":[{"id":3373,"href":"https:\/\/ntrasradelcarmen.edu.co\/start\/wp-json\/wp\/v2\/pages\/154\/revisions\/3373"}],"wp:attachment":[{"href":"https:\/\/ntrasradelcarmen.edu.co\/start\/wp-json\/wp\/v2\/media?parent=154"}],"curies":[{"name":"wp","href":"https:\/\/api.w.org\/{rel}","templated":true}]}}