{"id":1429,"date":"2025-10-02T14:35:28","date_gmt":"2025-10-02T14:35:28","guid":{"rendered":"https:\/\/ntrasradelcarmen.edu.co\/start\/?page_id=1429"},"modified":"2025-11-17T14:11:19","modified_gmt":"2025-11-17T14:11:19","slug":"comunicados-inscar","status":"publish","type":"page","link":"https:\/\/ntrasradelcarmen.edu.co\/start\/comunicados-inscar\/","title":{"rendered":"Comunicados INSCAR"},"content":{"rendered":"\n<p><\/p>\n\n\n<div class='pt-cv-wrapper'> <h3 class='pt-cv-heading-container heading4' data-blockid='4pqr2jve'><span class='pt-cv-heading'> Comunicados INSCAR <\/span><\/h3><div class=\"pt-cv-view pt-cv-blockgrid iscvblock iscvreal list1 layout1\" id=\"pt-cv-view-4pqr2jve\"><div data-id=\"pt-cv-page-1\" class=\"pt-cv-page\" data-cvc=\"1\"><div class=\" pt-cv-content-item pt-cv-2-col\" ><div class=\"pt-cv-thumb-wrapper pull-left \"><a href=\"https:\/\/ntrasradelcarmen.edu.co\/start\/dotacion-deportiva-y-tecnologica\/\" class=\"_self pt-cv-href-thumbnail pt-cv-thumb-left\" target=\"_self\" ><img fetchpriority=\"high\" decoding=\"async\" width=\"1156\" height=\"1536\" src=\"https:\/\/ntrasradelcarmen.edu.co\/start\/wp-content\/uploads\/2025\/10\/comunic1_n-1156x1536.jpg\" class=\"pt-cv-thumbnail pull-left\" alt=\"Dotaci\u00f3n Deportiva y Tecnol\u00f3gica\" \/><\/a><div class=\"pt-cv-taxoterm over_top_left\"><a href='https:\/\/ntrasradelcarmen.edu.co\/start\/category\/comunicados\/' title='Comunicados' class='pt-cv-tax-comunicados'>Comunicados<\/a><\/div><\/div>\n<div class=\"pt-cv-colwrap\"><h4 class=\"pt-cv-title\"><a href=\"https:\/\/ntrasradelcarmen.edu.co\/start\/dotacion-deportiva-y-tecnologica\/\" class=\"_self\" target=\"_self\" >Dotaci\u00f3n Deportiva y Tecnol\u00f3gica<\/a><\/h4><div class=\"pt-cv-content\">Dotaci\u00f3n Deportiva y Tecnol\u00f3gica, gracias a la gesti\u00f3n administrativa y financiera. Vamos avanzando #inscarteconecta. Dotaci\u00f3n tecnol\u00f3gica Dotaci\u00f3n Tecnol\u00f3gica Dotaci\u00f3n deportiva &#8230;<\/div><div class=\"pt-cv-rmwrap\"><a href=\"https:\/\/ntrasradelcarmen.edu.co\/start\/dotacion-deportiva-y-tecnologica\/\" class=\"_self pt-cv-readmore btn btn-success\" target=\"_self\" >Leer M\u00e1s<\/a><\/div><div class=\"pt-cv-meta-fields\"><span class=\"entry-date\"> <time datetime=\"2025-10-02T16:32:52+00:00\">octubre 2, 2025<\/time><\/span><span> \/ <\/span><span class=\"author\"> <a href=\"https:\/\/ntrasradelcarmen.edu.co\/start\/author\/adminelcarmen\/\" rel=\"author\">adminelcarmen<\/a><\/span><\/div><\/div><\/div>\n<div class=\" pt-cv-content-item pt-cv-2-col\" ><div class=\"pt-cv-thumb-wrapper pull-left \"><a href=\"https:\/\/ntrasradelcarmen.edu.co\/start\/renovacion-de-banos-inscar\/\" class=\"_self pt-cv-href-thumbnail pt-cv-thumb-left\" target=\"_self\" ><img decoding=\"async\" width=\"1440\" height=\"1440\" src=\"https:\/\/ntrasradelcarmen.edu.co\/start\/wp-content\/uploads\/2025\/11\/Banos-Inscar-Antes-y-despues.jpeg\" class=\"pt-cv-thumbnail pull-left\" alt=\"\" \/><\/a><div class=\"pt-cv-taxoterm over_top_left\"><a href='https:\/\/ntrasradelcarmen.edu.co\/start\/category\/comunicados\/' title='Comunicados' class='pt-cv-tax-comunicados'>Comunicados<\/a><\/div><\/div>\n<div class=\"pt-cv-colwrap\"><h4 class=\"pt-cv-title\"><a href=\"https:\/\/ntrasradelcarmen.edu.co\/start\/renovacion-de-banos-inscar\/\" class=\"_self\" target=\"_self\" >Renovaci\u00f3n de ba\u00f1os Inscar<\/a><\/h4><div class=\"pt-cv-content\">Restauraci\u00f3n de los ba\u00f1os estudiantiles Inscar gracias a la gesti\u00f3n directiva, el consejo de padres, el apoyo de los docentes, &#8230;<\/div><div class=\"pt-cv-rmwrap\"><a href=\"https:\/\/ntrasradelcarmen.edu.co\/start\/renovacion-de-banos-inscar\/\" class=\"_self pt-cv-readmore btn btn-success\" target=\"_self\" >Leer M\u00e1s<\/a><\/div><div class=\"pt-cv-meta-fields\"><span class=\"entry-date\"> <time datetime=\"2025-11-19T13:44:23+00:00\">noviembre 19, 2025<\/time><\/span><span> \/ <\/span><span class=\"author\"> <a href=\"https:\/\/ntrasradelcarmen.edu.co\/start\/author\/jds\/\" rel=\"author\">Jamir Donado Sayed<\/a><\/span><\/div><\/div><\/div><\/div><\/div> <\/div> <style>\n#pt-cv-view-4pqr2jve {text-align: left}\n#pt-cv-view-4pqr2jve { margin: 0px 0px 0px 0px;box-shadow: 0px 0px 0px 0px ; }#pt-cv-view-4pqr2jve .pt-cv-content-item { border-style: none;padding: 0px 0px 0px 0px;box-shadow: 0px 0px 0px 0px ; }#pt-cv-view-4pqr2jve .pt-cv-meta-fields { margin: 15px 0px 0px 0px; }#pt-cv-view-4pqr2jve .pt-cv-meta-fields * { font-size: 13px; }#pt-cv-view-4pqr2jve .pt-cv-thumb-wrapper:not(.miniwrap) { width: 40%; }#pt-cv-view-4pqr2jve .pt-cv-thumbnail:not(.pt-cv-thumbnailsm) { height: 250px; }#pt-cv-view-4pqr2jve .pt-cv-title a { display: block;color: #000000; }#pt-cv-view-4pqr2jve .pt-cv-title:not(.pt-cv-titlesm) a { font-weight: 600;text-decoration: none;font-size: 22px; }#pt-cv-view-4pqr2jve .pt-cv-titlesm a { font-weight: 600;font-size: 18px; }#pt-cv-view-4pqr2jve .pt-cv-content { font-size: 15px; }#pt-cv-view-4pqr2jve .pt-cv-rmwrap { text-align: left; }#pt-cv-view-4pqr2jve .pt-cv-readmore { color: #fff;background-color: var(--ast-global-color-0);font-size: 14px; }#pt-cv-view-4pqr2jve .pt-cv-taxoterm {  }#pt-cv-view-4pqr2jve .pt-cv-taxoterm * { color: #222;background-color: #fff6f6;font-size: 14px; }#pt-cv-view-4pqr2jve + .pt-cv-pagination-wrapper {  }#pt-cv-view-4pqr2jve + .pt-cv-pagination-wrapper a { font-size: 14px; }#pt-cv-view-4pqr2jve > .pt-cv-page {grid-template-columns: repeat(1, 1fr);grid-gap: 20px;}#pt-cv-view-4pqr2jve .pt-cv-rmwrap:hover {  }#pt-cv-view-4pqr2jve .pt-cv-readmore:hover { background-color: #942316; }\n@media all and (max-width: 1024px) { \n#pt-cv-view-4pqr2jve > .pt-cv-page {grid-template-columns: repeat(1, 1fr);}\n} \n@media all and (max-width: 767px) { \n#pt-cv-view-4pqr2jve > .pt-cv-page {grid-template-columns: repeat(1, 1fr);}\n} <\/style>\n\n\n<p class=\"has-ast-global-color-5-background-color has-background\"><\/p>\n\n\n\n<p class=\"has-ast-global-color-5-background-color has-background\"><\/p>\n\n\n\n<p><\/p>\n","protected":false},"excerpt":{"rendered":"","protected":false},"author":1,"featured_media":1135,"parent":0,"menu_order":0,"comment_status":"closed","ping_status":"closed","template":"","meta":{"site-sidebar-layout":"default","site-content-layout":"","ast-site-content-layout":"default","site-content-style":"default","site-sidebar-style":"default","ast-global-header-display":"","ast-banner-title-visibility":"","ast-main-header-display":"","ast-hfb-above-header-display":"","ast-hfb-below-header-display":"","ast-hfb-mobile-header-display":"","site-post-title":"","ast-breadcrumbs-content":"","ast-featured-img":"","footer-sml-layout":"","theme-transparent-header-meta":"","adv-header-id-meta":"","stick-header-meta":"","header-above-stick-meta":"","header-main-stick-meta":"","header-below-stick-meta":"","astra-migrate-meta-layouts":"set","ast-page-background-enabled":"default","ast-page-background-meta":{"desktop":{"background-color":"","background-image":"","background-repeat":"repeat","background-position":"center center","background-size":"auto","background-attachment":"scroll","background-type":"","background-media":"","overlay-type":"","overlay-color":"","overlay-opacity":"","overlay-gradient":""},"tablet":{"background-color":"","background-image":"","background-repeat":"repeat","background-position":"center center","background-size":"auto","background-attachment":"scroll","background-type":"","background-media":"","overlay-type":"","overlay-color":"","overlay-opacity":"","overlay-gradient":""},"mobile":{"background-color":"","background-image":"","background-repeat":"repeat","background-position":"center center","background-size":"auto","background-attachment":"scroll","background-type":"","background-media":"","overlay-type":"","overlay-color":"","overlay-opacity":"","overlay-gradient":""}},"ast-content-background-meta":{"desktop":{"background-color":"var(--ast-global-color-5)","background-image":"","background-repeat":"repeat","background-position":"center center","background-size":"auto","background-attachment":"scroll","background-type":"","background-media":"","overlay-type":"","overlay-color":"","overlay-opacity":"","overlay-gradient":""},"tablet":{"background-color":"var(--ast-global-color-5)","background-image":"","background-repeat":"repeat","background-position":"center center","background-size":"auto","background-attachment":"scroll","background-type":"","background-media":"","overlay-type":"","overlay-color":"","overlay-opacity":"","overlay-gradient":""},"mobile":{"background-color":"var(--ast-global-color-5)","background-image":"","background-repeat":"repeat","background-position":"center center","background-size":"auto","background-attachment":"scroll","background-type":"","background-media":"","overlay-type":"","overlay-color":"","overlay-opacity":"","overlay-gradient":""}},"footnotes":""},"class_list":["post-1429","page","type-page","status-publish","has-post-thumbnail","hentry"],"_links":{"self":[{"href":"https:\/\/ntrasradelcarmen.edu.co\/start\/wp-json\/wp\/v2\/pages\/1429","targetHints":{"allow":["GET"]}}],"collection":[{"href":"https:\/\/ntrasradelcarmen.edu.co\/start\/wp-json\/wp\/v2\/pages"}],"about":[{"href":"https:\/\/ntrasradelcarmen.edu.co\/start\/wp-json\/wp\/v2\/types\/page"}],"author":[{"embeddable":true,"href":"https:\/\/ntrasradelcarmen.edu.co\/start\/wp-json\/wp\/v2\/users\/1"}],"replies":[{"embeddable":true,"href":"https:\/\/ntrasradelcarmen.edu.co\/start\/wp-json\/wp\/v2\/comments?post=1429"}],"version-history":[{"count":13,"href":"https:\/\/ntrasradelcarmen.edu.co\/start\/wp-json\/wp\/v2\/pages\/1429\/revisions"}],"predecessor-version":[{"id":3106,"href":"https:\/\/ntrasradelcarmen.edu.co\/start\/wp-json\/wp\/v2\/pages\/1429\/revisions\/3106"}],"wp:featuredmedia":[{"embeddable":true,"href":"https:\/\/ntrasradelcarmen.edu.co\/start\/wp-json\/wp\/v2\/media\/1135"}],"wp:attachment":[{"href":"https:\/\/ntrasradelcarmen.edu.co\/start\/wp-json\/wp\/v2\/media?parent=1429"}],"curies":[{"name":"wp","href":"https:\/\/api.w.org\/{rel}","templated":true}]}}