{"id":1394,"date":"2025-10-01T00:21:09","date_gmt":"2025-10-01T00:21:09","guid":{"rendered":"https:\/\/ntrasradelcarmen.edu.co\/start\/?page_id=1394"},"modified":"2025-10-22T20:09:57","modified_gmt":"2025-10-22T20:09:57","slug":"politicas-institucionales","status":"publish","type":"page","link":"https:\/\/ntrasradelcarmen.edu.co\/start\/politicas-institucionales\/","title":{"rendered":"Pol\u00edticas Institucionales"},"content":{"rendered":"\t\t<div data-elementor-type=\"wp-page\" data-elementor-id=\"1394\" class=\"elementor elementor-1394\">\n\t\t\t\t<div class=\"elementor-element elementor-element-3cb9f0d e-flex e-con-boxed e-con e-parent\" data-id=\"3cb9f0d\" data-element_type=\"container\" data-settings=\"{&quot;background_background&quot;:&quot;classic&quot;}\">\n\t\t\t\t\t<div class=\"e-con-inner\">\n\t\t<div class=\"elementor-element elementor-element-7178231 e-con-full e-flex e-con e-child\" data-id=\"7178231\" data-element_type=\"container\">\n\t\t\t\t<div class=\"elementor-element elementor-element-6e0f344 elementor-widget elementor-widget-heading\" data-id=\"6e0f344\" data-element_type=\"widget\" data-widget_type=\"heading.default\">\n\t\t\t\t<div class=\"elementor-widget-container\">\n\t\t\t\t\t<h1 class=\"elementor-heading-title elementor-size-default\">Pol\u00edticas Institucionales<\/h1>\t\t\t\t<\/div>\n\t\t\t\t<\/div>\n\t\t\t\t<\/div>\n\t\t\t\t\t<\/div>\n\t\t\t\t<\/div>\n\t\t\t\t<section class=\"elementor-section elementor-top-section elementor-element elementor-element-vre1sh5 elementor-section-content-middle elementor-section-boxed elementor-section-height-default elementor-section-height-default\" data-id=\"vre1sh5\" data-element_type=\"section\" data-settings=\"{&quot;background_background&quot;:&quot;classic&quot;}\">\n\t\t\t\t\t\t<div class=\"elementor-container elementor-column-gap-no\">\n\t\t\t\t\t<div class=\"elementor-column elementor-col-50 elementor-top-column elementor-element elementor-element-258231d elementor-invisible\" data-id=\"258231d\" data-element_type=\"column\" data-settings=\"{&quot;animation&quot;:&quot;slideInLeft&quot;}\">\n\t\t\t<div class=\"elementor-widget-wrap elementor-element-populated\">\n\t\t\t\t\t\t<div class=\"elementor-element elementor-element-1401102 elementor-widget elementor-widget-heading\" data-id=\"1401102\" data-element_type=\"widget\" data-widget_type=\"heading.default\">\n\t\t\t\t<div class=\"elementor-widget-container\">\n\t\t\t\t\t<h2 class=\"elementor-heading-title elementor-size-default\">De Calidad<\/h2>\t\t\t\t<\/div>\n\t\t\t\t<\/div>\n\t\t\t\t<div class=\"elementor-element elementor-element-4f6265e elementor-invisible elementor-widget elementor-widget-text-editor\" data-id=\"4f6265e\" data-element_type=\"widget\" data-settings=\"{&quot;_animation&quot;:&quot;slideInLeft&quot;}\" data-widget_type=\"text-editor.default\">\n\t\t\t\t<div class=\"elementor-widget-container\">\n\t\t\t\t\t\t\t\t\t<ul><li>Principio de Identidad: el cual se construye desde la vivencia diaria donde se engendran conocimientos, valores, tradiciones y formas de vida que se convierten en acontecimientos que dirigen el proceso educativo.\u00a0<\/li><li>La formaci\u00f3n docente y consolidaci\u00f3n de fundamentos para la pr\u00e1ctica pedag\u00f3gica, con miras a una pr\u00e1ctica adecuada, discutida e implementada bajo criterios de responsabilidad.\u00a0<\/li><li>El establecimiento proporcionar\u00e1 un clima organizacional desde los par\u00e1metros de la participaci\u00f3n y de las decisiones colegiadas, donde prime el respeto y el repensar constante en las pr\u00e1cticas y l\u00f3gicas de funcionamiento de la Instituci\u00f3n en beneficio de la comunidad a la que se le presta el servicio educativo.<\/li><li>La sana convivencia de las relaciones interpersonales basadas en el respeto y la tolerancia, siempre bajo criterios \u00e9tico-morales, el reconocimiento de la ley como garante de legitimidad en los procesos y la pr\u00e1ctica de una cultura de la solidaridad.<\/li><\/ul>\t\t\t\t\t\t\t\t<\/div>\n\t\t\t\t<\/div>\n\t\t\t\t\t<\/div>\n\t\t<\/div>\n\t\t\t\t<div class=\"elementor-column elementor-col-50 elementor-top-column elementor-element elementor-element-ca44c59\" data-id=\"ca44c59\" data-element_type=\"column\" data-settings=\"{&quot;background_background&quot;:&quot;classic&quot;}\">\n\t\t\t<div class=\"elementor-widget-wrap elementor-element-populated\">\n\t\t\t\t\t\t<div class=\"elementor-element elementor-element-7e01216 elementor-invisible elementor-widget elementor-widget-image\" data-id=\"7e01216\" data-element_type=\"widget\" data-settings=\"{&quot;_animation&quot;:&quot;slideInRight&quot;}\" data-widget_type=\"image.default\">\n\t\t\t\t<div class=\"elementor-widget-container\">\n\t\t\t\t\t\t\t\t\t\t\t\t\t\t\t<img fetchpriority=\"high\" decoding=\"async\" width=\"828\" height=\"615\" src=\"https:\/\/ntrasradelcarmen.edu.co\/start\/wp-content\/uploads\/2025\/09\/IENUESTRASENORADELCARMENESCUDO.jpeg\" class=\"attachment-full size-full wp-image-1311\" alt=\"ienuestrasenoradelcarmenescudo\" srcset=\"https:\/\/ntrasradelcarmen.edu.co\/start\/wp-content\/uploads\/2025\/09\/IENUESTRASENORADELCARMENESCUDO.jpeg 828w, https:\/\/ntrasradelcarmen.edu.co\/start\/wp-content\/uploads\/2025\/09\/IENUESTRASENORADELCARMENESCUDO-300x223.jpeg 300w, https:\/\/ntrasradelcarmen.edu.co\/start\/wp-content\/uploads\/2025\/09\/IENUESTRASENORADELCARMENESCUDO-768x570.jpeg 768w\" sizes=\"(max-width: 828px) 100vw, 828px\" \/>\t\t\t\t\t\t\t\t\t\t\t\t\t\t\t<\/div>\n\t\t\t\t<\/div>\n\t\t\t\t\t<\/div>\n\t\t<\/div>\n\t\t\t\t\t<\/div>\n\t\t<\/section>\n\t\t\t\t<section class=\"elementor-section elementor-top-section elementor-element elementor-element-febeea8 elementor-section-content-middle elementor-section-boxed elementor-section-height-default elementor-section-height-default\" data-id=\"febeea8\" data-element_type=\"section\" data-settings=\"{&quot;background_background&quot;:&quot;classic&quot;}\">\n\t\t\t\t\t\t<div class=\"elementor-container elementor-column-gap-no\">\n\t\t\t\t\t<div class=\"elementor-column elementor-col-50 elementor-top-column elementor-element elementor-element-264af07 elementor-invisible\" data-id=\"264af07\" data-element_type=\"column\" data-settings=\"{&quot;background_background&quot;:&quot;classic&quot;,&quot;animation&quot;:&quot;slideInLeft&quot;}\">\n\t\t\t<div class=\"elementor-widget-wrap elementor-element-populated\">\n\t\t\t\t\t\t<div class=\"elementor-element elementor-element-4d16921 elementor-widget elementor-widget-image\" data-id=\"4d16921\" data-element_type=\"widget\" data-widget_type=\"image.default\">\n\t\t\t\t<div class=\"elementor-widget-container\">\n\t\t\t\t\t\t\t\t\t\t\t\t\t\t\t<img decoding=\"async\" width=\"960\" height=\"1280\" src=\"https:\/\/ntrasradelcarmen.edu.co\/start\/wp-content\/uploads\/2025\/09\/galeria3.jpg\" class=\"attachment-full size-full wp-image-1133\" alt=\"Dotaci\u00f3n Deportiva y Tecnol\u00f3gica\" srcset=\"https:\/\/ntrasradelcarmen.edu.co\/start\/wp-content\/uploads\/2025\/09\/galeria3.jpg 960w, https:\/\/ntrasradelcarmen.edu.co\/start\/wp-content\/uploads\/2025\/09\/galeria3-225x300.jpg 225w, https:\/\/ntrasradelcarmen.edu.co\/start\/wp-content\/uploads\/2025\/09\/galeria3-768x1024.jpg 768w\" sizes=\"(max-width: 960px) 100vw, 960px\" \/>\t\t\t\t\t\t\t\t\t\t\t\t\t\t\t<\/div>\n\t\t\t\t<\/div>\n\t\t\t\t\t<\/div>\n\t\t<\/div>\n\t\t\t\t<div class=\"elementor-column elementor-col-50 elementor-top-column elementor-element elementor-element-9c1544f\" data-id=\"9c1544f\" data-element_type=\"column\">\n\t\t\t<div class=\"elementor-widget-wrap elementor-element-populated\">\n\t\t\t\t\t\t<div class=\"elementor-element elementor-element-7d3f523 elementor-invisible elementor-widget elementor-widget-heading\" data-id=\"7d3f523\" data-element_type=\"widget\" data-settings=\"{&quot;_animation&quot;:&quot;slideInRight&quot;}\" data-widget_type=\"heading.default\">\n\t\t\t\t<div class=\"elementor-widget-container\">\n\t\t\t\t\t<h2 class=\"elementor-heading-title elementor-size-default\">De Inclusi\u00f3n<\/h2>\t\t\t\t<\/div>\n\t\t\t\t<\/div>\n\t\t\t\t<div class=\"elementor-element elementor-element-67f6bd0 elementor-invisible elementor-widget elementor-widget-text-editor\" data-id=\"67f6bd0\" data-element_type=\"widget\" data-settings=\"{&quot;_animation&quot;:&quot;slideInRight&quot;}\" data-widget_type=\"text-editor.default\">\n\t\t\t\t<div class=\"elementor-widget-container\">\n\t\t\t\t\t\t\t\t\t<ul><li>Todos los miembros de la comunidad educativa, recibir\u00e1n en la Instituci\u00f3n la misma protecci\u00f3n y trato de las autoridades y gozando de los mismos derechos, libertades y oportunidades sin ninguna discriminaci\u00f3n por razones de sexo, raza, origen nacional o familiar, lengua, religi\u00f3n, opini\u00f3n pol\u00edtica o filos\u00f3fica (Art. 13 de la Constituci\u00f3n Pol\u00edtica de Colombia de 1991).<\/li><li>Se brindar\u00e1 un servicio educativo inclusivo a la poblaci\u00f3n con discapacidad atendiendo a lo estipulado en el marco de la educaci\u00f3n inclusiva (Decreto 1421 de 2017).<\/li><li>Promoci\u00f3n de una cultura escolar que vaya en pro del \u00f3ptimo rendimiento acad\u00e9mico a trav\u00e9s de sus normas y de la conexi\u00f3n entre el conocimiento escolar (cient\u00edfico) y el conocimiento popular (de la comunidad), llamado eficiencia social, como muestra de la calidad tanto interna como externa, respectivamente.<\/li><\/ul>\t\t\t\t\t\t\t\t<\/div>\n\t\t\t\t<\/div>\n\t\t\t\t\t<\/div>\n\t\t<\/div>\n\t\t\t\t\t<\/div>\n\t\t<\/section>\n\t\t<div class=\"elementor-element elementor-element-a3b0f8c e-flex e-con-boxed e-con e-parent\" data-id=\"a3b0f8c\" data-element_type=\"container\" data-settings=\"{&quot;background_background&quot;:&quot;classic&quot;}\">\n\t\t\t\t\t<div class=\"e-con-inner\">\n\t\t\t\t<div class=\"elementor-element elementor-element-ceada7c elementor-widget elementor-widget-image-box\" data-id=\"ceada7c\" data-element_type=\"widget\" data-widget_type=\"image-box.default\">\n\t\t\t\t<div class=\"elementor-widget-container\">\n\t\t\t\t\t<div class=\"elementor-image-box-wrapper\"><div class=\"elementor-image-box-content\"><h2 class=\"elementor-image-box-title\">\u00bfQuieres saber m\u00e1s?<\/h2><\/div><\/div>\t\t\t\t<\/div>\n\t\t\t\t<\/div>\n\t\t\t\t<div class=\"elementor-element elementor-element-ba10e5a elementor-align-center elementor-widget elementor-widget-button\" data-id=\"ba10e5a\" data-element_type=\"widget\" data-widget_type=\"button.default\">\n\t\t\t\t<div class=\"elementor-widget-container\">\n\t\t\t\t\t\t\t\t\t<div class=\"elementor-button-wrapper\">\n\t\t\t\t\t<a class=\"elementor-button elementor-button-link elementor-size-sm\" href=\"https:\/\/ntrasradelcarmen.edu.co\/start\/nuestra-historia\/\">\n\t\t\t\t\t\t<span class=\"elementor-button-content-wrapper\">\n\t\t\t\t\t\t\t\t\t<span class=\"elementor-button-text\">Conoce nuestra historia<\/span>\n\t\t\t\t\t<\/span>\n\t\t\t\t\t<\/a>\n\t\t\t\t<\/div>\n\t\t\t\t\t\t\t\t<\/div>\n\t\t\t\t<\/div>\n\t\t\t\t\t<\/div>\n\t\t\t\t<\/div>\n\t\t\t\t<\/div>\n\t\t","protected":false},"excerpt":{"rendered":"<p>Pol\u00edticas Institucionales De Calidad Principio de Identidad: el cual se construye desde la vivencia diaria donde se engendran conocimientos, valores, tradiciones y formas de vida que se convierten en acontecimientos que dirigen el proceso educativo.\u00a0 La formaci\u00f3n docente y consolidaci\u00f3n de fundamentos para la pr\u00e1ctica pedag\u00f3gica, con miras a una pr\u00e1ctica adecuada, discutida e implementada [&hellip;]<\/p>\n","protected":false},"author":1,"featured_media":0,"parent":0,"menu_order":0,"comment_status":"closed","ping_status":"closed","template":"","meta":{"site-sidebar-layout":"no-sidebar","site-content-layout":"page-builder","ast-site-content-layout":"default","site-content-style":"default","site-sidebar-style":"default","ast-global-header-display":"","ast-banner-title-visibility":"","ast-main-header-display":"","ast-hfb-above-header-display":"","ast-hfb-below-header-display":"","ast-hfb-mobile-header-display":"","site-post-title":"disabled","ast-breadcrumbs-content":"disabled","ast-featured-img":"disabled","footer-sml-layout":"","theme-transparent-header-meta":"default","adv-header-id-meta":"","stick-header-meta":"","header-above-stick-meta":"","header-main-stick-meta":"","header-below-stick-meta":"","astra-migrate-meta-layouts":"default","ast-page-background-enabled":"default","ast-page-background-meta":{"desktop":{"background-color":"","background-image":"","background-repeat":"repeat","background-position":"center center","background-size":"auto","background-attachment":"scroll","background-type":"","background-media":"","overlay-type":"","overlay-color":"","overlay-opacity":"","overlay-gradient":""},"tablet":{"background-color":"","background-image":"","background-repeat":"repeat","background-position":"center center","background-size":"auto","background-attachment":"scroll","background-type":"","background-media":"","overlay-type":"","overlay-color":"","overlay-opacity":"","overlay-gradient":""},"mobile":{"background-color":"","background-image":"","background-repeat":"repeat","background-position":"center center","background-size":"auto","background-attachment":"scroll","background-type":"","background-media":"","overlay-type":"","overlay-color":"","overlay-opacity":"","overlay-gradient":""}},"ast-content-background-meta":{"desktop":{"background-color":"var(--ast-global-color-5)","background-image":"","background-repeat":"repeat","background-position":"center center","background-size":"auto","background-attachment":"scroll","background-type":"","background-media":"","overlay-type":"","overlay-color":"","overlay-opacity":"","overlay-gradient":""},"tablet":{"background-color":"var(--ast-global-color-5)","background-image":"","background-repeat":"repeat","background-position":"center center","background-size":"auto","background-attachment":"scroll","background-type":"","background-media":"","overlay-type":"","overlay-color":"","overlay-opacity":"","overlay-gradient":""},"mobile":{"background-color":"var(--ast-global-color-5)","background-image":"","background-repeat":"repeat","background-position":"center center","background-size":"auto","background-attachment":"scroll","background-type":"","background-media":"","overlay-type":"","overlay-color":"","overlay-opacity":"","overlay-gradient":""}},"footnotes":""},"class_list":["post-1394","page","type-page","status-publish","hentry"],"_links":{"self":[{"href":"https:\/\/ntrasradelcarmen.edu.co\/start\/wp-json\/wp\/v2\/pages\/1394","targetHints":{"allow":["GET"]}}],"collection":[{"href":"https:\/\/ntrasradelcarmen.edu.co\/start\/wp-json\/wp\/v2\/pages"}],"about":[{"href":"https:\/\/ntrasradelcarmen.edu.co\/start\/wp-json\/wp\/v2\/types\/page"}],"author":[{"embeddable":true,"href":"https:\/\/ntrasradelcarmen.edu.co\/start\/wp-json\/wp\/v2\/users\/1"}],"replies":[{"embeddable":true,"href":"https:\/\/ntrasradelcarmen.edu.co\/start\/wp-json\/wp\/v2\/comments?post=1394"}],"version-history":[{"count":17,"href":"https:\/\/ntrasradelcarmen.edu.co\/start\/wp-json\/wp\/v2\/pages\/1394\/revisions"}],"predecessor-version":[{"id":1550,"href":"https:\/\/ntrasradelcarmen.edu.co\/start\/wp-json\/wp\/v2\/pages\/1394\/revisions\/1550"}],"wp:attachment":[{"href":"https:\/\/ntrasradelcarmen.edu.co\/start\/wp-json\/wp\/v2\/media?parent=1394"}],"curies":[{"name":"wp","href":"https:\/\/api.w.org\/{rel}","templated":true}]}}