{"id":1304,"date":"2025-09-30T17:02:33","date_gmt":"2025-09-30T17:02:33","guid":{"rendered":"https:\/\/ntrasradelcarmen.edu.co\/start\/?page_id=1304"},"modified":"2025-11-03T01:12:28","modified_gmt":"2025-11-03T01:12:28","slug":"mision-vision-objetivos","status":"publish","type":"page","link":"https:\/\/ntrasradelcarmen.edu.co\/start\/mision-vision-objetivos\/","title":{"rendered":"Misi\u00f3n, Visi\u00f3n y Objetivos"},"content":{"rendered":"\t\t<div data-elementor-type=\"wp-page\" data-elementor-id=\"1304\" class=\"elementor elementor-1304\">\n\t\t\t\t<div class=\"elementor-element elementor-element-cc4f042 e-flex e-con-boxed e-con e-parent\" data-id=\"cc4f042\" data-element_type=\"container\" data-settings=\"{&quot;background_background&quot;:&quot;classic&quot;}\">\n\t\t\t\t\t<div class=\"e-con-inner\">\n\t\t<div class=\"elementor-element elementor-element-414d6ef e-con-full e-flex e-con e-child\" data-id=\"414d6ef\" data-element_type=\"container\">\n\t\t\t\t<div class=\"elementor-element elementor-element-45d7c59 elementor-widget elementor-widget-heading\" data-id=\"45d7c59\" data-element_type=\"widget\" data-widget_type=\"heading.default\">\n\t\t\t\t<div class=\"elementor-widget-container\">\n\t\t\t\t\t<h1 class=\"elementor-heading-title elementor-size-default\">Misi\u00f3n, Visi\u00f3n y Objetivos<\/h1>\t\t\t\t<\/div>\n\t\t\t\t<\/div>\n\t\t\t\t<\/div>\n\t\t\t\t\t<\/div>\n\t\t\t\t<\/div>\n\t\t<div class=\"elementor-element elementor-element-8fe98e4 e-flex e-con-boxed e-con e-parent\" data-id=\"8fe98e4\" data-element_type=\"container\" data-settings=\"{&quot;background_background&quot;:&quot;classic&quot;}\">\n\t\t\t\t\t<div class=\"e-con-inner\">\n\t\t<div class=\"elementor-element elementor-element-9f3f524 e-con-full animated-slow e-flex elementor-invisible e-con e-child\" data-id=\"9f3f524\" data-element_type=\"container\" data-settings=\"{&quot;background_background&quot;:&quot;classic&quot;,&quot;animation&quot;:&quot;fadeInRight&quot;}\">\n\t\t\t\t<\/div>\n\t\t<div class=\"elementor-element elementor-element-5d0e609 e-con-full e-flex e-con e-child\" data-id=\"5d0e609\" data-element_type=\"container\">\n\t\t<div class=\"elementor-element elementor-element-6a35895 e-con-full e-flex e-con e-child\" data-id=\"6a35895\" data-element_type=\"container\">\n\t\t\t\t<div class=\"elementor-element elementor-element-332abe0 animated-slow elementor-invisible elementor-widget elementor-widget-image-box\" data-id=\"332abe0\" data-element_type=\"widget\" data-settings=\"{&quot;_animation&quot;:&quot;fadeIn&quot;,&quot;_animation_delay&quot;:100}\" data-widget_type=\"image-box.default\">\n\t\t\t\t<div class=\"elementor-widget-container\">\n\t\t\t\t\t<div class=\"elementor-image-box-wrapper\"><div class=\"elementor-image-box-content\"><h3 class=\"elementor-image-box-title\">Nuestra Misi\u00f3n<\/h3><p class=\"elementor-image-box-description\">Somos un Establecimiento Educativo de car\u00e1cter oficial y t\u00e9cnico ubicado en el suroriente de Soledad-Atl\u00e1ntico, que busca formar j\u00f3venes \u00edntegros para la sociedad y el trabajo mediante la articulaci\u00f3n de saberes, necesidades e intereses de la comunidad y la educaci\u00f3n CRESE, orientados bajo los principios y valores del humanismo cristiano.\n<\/p><\/div><\/div>\t\t\t\t<\/div>\n\t\t\t\t<\/div>\n\t\t\t\t<\/div>\n\t\t<div class=\"elementor-element elementor-element-5f806c0 e-con-full e-flex e-con e-child\" data-id=\"5f806c0\" data-element_type=\"container\">\n\t\t\t\t<div class=\"elementor-element elementor-element-b72983b animated-slow elementor-invisible elementor-widget elementor-widget-image-box\" data-id=\"b72983b\" data-element_type=\"widget\" data-settings=\"{&quot;_animation&quot;:&quot;fadeIn&quot;,&quot;_animation_delay&quot;:100}\" data-widget_type=\"image-box.default\">\n\t\t\t\t<div class=\"elementor-widget-container\">\n\t\t\t\t\t<div class=\"elementor-image-box-wrapper\"><div class=\"elementor-image-box-content\"><h3 class=\"elementor-image-box-title\">Nuestra Visi\u00f3n<\/h3><p class=\"elementor-image-box-description\">En el 2030, seremos una comunidad educativa reconocida socialmente por su calidad acad\u00e9mica, que forma integralmente al individuo tanto para la vida en sociedad como para el trabajo desde el Modelo Pedag\u00f3gico Activo - Socio Afectivo y la Educaci\u00f3n CRESE, en aras de responder eficazmente a las necesidades e intereses del entorno circundante.  <\/p><\/div><\/div>\t\t\t\t<\/div>\n\t\t\t\t<\/div>\n\t\t\t\t<\/div>\n\t\t\t\t<\/div>\n\t\t\t\t\t<\/div>\n\t\t\t\t<\/div>\n\t\t\t\t<section class=\"elementor-section elementor-top-section elementor-element elementor-element-3mhozuw elementor-section-boxed elementor-section-height-default elementor-section-height-default\" data-id=\"3mhozuw\" data-element_type=\"section\" data-settings=\"{&quot;background_background&quot;:&quot;classic&quot;}\">\n\t\t\t\t\t\t\t<div class=\"elementor-background-overlay\"><\/div>\n\t\t\t\t\t\t\t<div class=\"elementor-container elementor-column-gap-no\">\n\t\t\t\t\t<div class=\"elementor-column elementor-col-50 elementor-top-column elementor-element elementor-element-5626029 elementor-invisible\" data-id=\"5626029\" data-element_type=\"column\" data-settings=\"{&quot;animation&quot;:&quot;fadeInLeft&quot;}\">\n\t\t\t<div class=\"elementor-widget-wrap elementor-element-populated\">\n\t\t\t\t\t\t<div class=\"elementor-element elementor-element-62532af elementor-widget elementor-widget-heading\" data-id=\"62532af\" data-element_type=\"widget\" data-widget_type=\"heading.default\">\n\t\t\t\t<div class=\"elementor-widget-container\">\n\t\t\t\t\t<h2 class=\"elementor-heading-title elementor-size-default\">Objetivos<\/h2>\t\t\t\t<\/div>\n\t\t\t\t<\/div>\n\t\t\t\t<div class=\"elementor-element elementor-element-99383c7 elementor-widget elementor-widget-image\" data-id=\"99383c7\" data-element_type=\"widget\" data-widget_type=\"image.default\">\n\t\t\t\t<div class=\"elementor-widget-container\">\n\t\t\t\t\t\t\t\t\t\t\t\t\t\t\t<img fetchpriority=\"high\" decoding=\"async\" width=\"1024\" height=\"576\" src=\"https:\/\/ntrasradelcarmen.edu.co\/start\/wp-content\/uploads\/2025\/09\/grado1-1024x576.jpg\" class=\"attachment-large size-large wp-image-1316\" alt=\"grado1\" srcset=\"https:\/\/ntrasradelcarmen.edu.co\/start\/wp-content\/uploads\/2025\/09\/grado1-1024x576.jpg 1024w, https:\/\/ntrasradelcarmen.edu.co\/start\/wp-content\/uploads\/2025\/09\/grado1-300x169.jpg 300w, https:\/\/ntrasradelcarmen.edu.co\/start\/wp-content\/uploads\/2025\/09\/grado1-768x432.jpg 768w, https:\/\/ntrasradelcarmen.edu.co\/start\/wp-content\/uploads\/2025\/09\/grado1-1536x864.jpg 1536w, https:\/\/ntrasradelcarmen.edu.co\/start\/wp-content\/uploads\/2025\/09\/grado1.jpg 1600w\" sizes=\"(max-width: 1024px) 100vw, 1024px\" \/>\t\t\t\t\t\t\t\t\t\t\t\t\t\t\t<\/div>\n\t\t\t\t<\/div>\n\t\t\t\t\t<\/div>\n\t\t<\/div>\n\t\t\t\t<div class=\"elementor-column elementor-col-50 elementor-top-column elementor-element elementor-element-4b1c5ef elementor-invisible\" data-id=\"4b1c5ef\" data-element_type=\"column\" data-settings=\"{&quot;animation&quot;:&quot;fadeInRight&quot;}\">\n\t\t\t<div class=\"elementor-widget-wrap elementor-element-populated\">\n\t\t\t\t\t\t<div class=\"elementor-element elementor-element-d837b3e elementor-widget elementor-widget-heading\" data-id=\"d837b3e\" data-element_type=\"widget\" data-widget_type=\"heading.default\">\n\t\t\t\t<div class=\"elementor-widget-container\">\n\t\t\t\t\t<h4 class=\"elementor-heading-title elementor-size-default\">General<\/h4>\t\t\t\t<\/div>\n\t\t\t\t<\/div>\n\t\t\t\t<div class=\"elementor-element elementor-element-f95782d elementor-widget elementor-widget-text-editor\" data-id=\"f95782d\" data-element_type=\"widget\" data-widget_type=\"text-editor.default\">\n\t\t\t\t<div class=\"elementor-widget-container\">\n\t\t\t\t\t\t\t\t\t<p>Transformar la cultura educativa institucional y la proyecci\u00f3n comunitaria, mediante una propuesta pedag\u00f3gica diversa que articule saberes y Educaci\u00f3n CRESE adecuados a las necesidades e intereses de los estudiantes y la comunidad; a fin de brindar una educaci\u00f3n integral que potencie el desarrollo acad\u00e9mico, personal, social y cultural de los educandos..<\/p>\t\t\t\t\t\t\t\t<\/div>\n\t\t\t\t<\/div>\n\t\t<div class=\"elementor-element elementor-element-38dd492 e-flex e-con-boxed e-con e-parent\" data-id=\"38dd492\" data-element_type=\"container\">\n\t\t\t\t\t<div class=\"e-con-inner\">\n\t\t\t\t<div class=\"elementor-element elementor-element-bd4916d elementor-widget elementor-widget-heading\" data-id=\"bd4916d\" data-element_type=\"widget\" data-widget_type=\"heading.default\">\n\t\t\t\t<div class=\"elementor-widget-container\">\n\t\t\t\t\t<h6 class=\"elementor-heading-title elementor-size-default\">Espec\u00edficos<\/h6>\t\t\t\t<\/div>\n\t\t\t\t<\/div>\n\t\t\t\t<div class=\"elementor-element elementor-element-74f580a elementor-widget elementor-widget-text-editor\" data-id=\"74f580a\" data-element_type=\"widget\" data-widget_type=\"text-editor.default\">\n\t\t\t\t<div class=\"elementor-widget-container\">\n\t\t\t\t\t\t\t\t\t<ul><li>Propiciar la transformaci\u00f3n por medio de la renovaci\u00f3n de los procesos administrativos y de construcci\u00f3n del conocimiento activando los diversos mecanismos de participaci\u00f3n democr\u00e1tica.\u00a0<\/li><li>Definir las estrategias pedag\u00f3gicas acordes al contexto que permita elevar la calidad del servicio educativo ofrecido.\u00a0<\/li><li>Integrar a la vida institucional, a la comunidad educativa y al contexto social la interculturalidad para promover la integraci\u00f3n instituci\u00f3n \u2013 comunidad.\u00a0<\/li><li>Proponer herramientas te\u00f3ricas para la pr\u00e1ctica pedag\u00f3gica, la construcci\u00f3n del conocimiento y la evaluaci\u00f3n del rendimiento escolar como elementos garantes en la prestaci\u00f3n del servicio educativo.<\/li><\/ul>\t\t\t\t\t\t\t\t<\/div>\n\t\t\t\t<\/div>\n\t\t\t\t\t<\/div>\n\t\t\t\t<\/div>\n\t\t\t\t\t<\/div>\n\t\t<\/div>\n\t\t\t\t\t<\/div>\n\t\t<\/section>\n\t\t<div class=\"elementor-element elementor-element-ae717db e-flex e-con-boxed e-con e-parent\" data-id=\"ae717db\" data-element_type=\"container\" data-settings=\"{&quot;background_background&quot;:&quot;classic&quot;}\">\n\t\t\t\t\t<div class=\"e-con-inner\">\n\t\t\t\t<div class=\"elementor-element elementor-element-6d633c0 elementor-widget elementor-widget-image-box\" data-id=\"6d633c0\" data-element_type=\"widget\" data-widget_type=\"image-box.default\">\n\t\t\t\t<div class=\"elementor-widget-container\">\n\t\t\t\t\t<div class=\"elementor-image-box-wrapper\"><div class=\"elementor-image-box-content\"><h2 class=\"elementor-image-box-title\">Conoce nuestras polit\u00edcas institucionales<\/h2><\/div><\/div>\t\t\t\t<\/div>\n\t\t\t\t<\/div>\n\t\t\t\t<div class=\"elementor-element elementor-element-657d6d4 elementor-align-center elementor-widget elementor-widget-button\" data-id=\"657d6d4\" data-element_type=\"widget\" data-widget_type=\"button.default\">\n\t\t\t\t<div class=\"elementor-widget-container\">\n\t\t\t\t\t\t\t\t\t<div class=\"elementor-button-wrapper\">\n\t\t\t\t\t<a class=\"elementor-button elementor-button-link elementor-size-sm\" href=\"https:\/\/ntrasradelcarmen.edu.co\/start\/politicas-institucionales\/\">\n\t\t\t\t\t\t<span class=\"elementor-button-content-wrapper\">\n\t\t\t\t\t\t\t\t\t<span class=\"elementor-button-text\">Saber m\u00e1s<\/span>\n\t\t\t\t\t<\/span>\n\t\t\t\t\t<\/a>\n\t\t\t\t<\/div>\n\t\t\t\t\t\t\t\t<\/div>\n\t\t\t\t<\/div>\n\t\t\t\t\t<\/div>\n\t\t\t\t<\/div>\n\t\t\t\t<\/div>\n\t\t","protected":false},"excerpt":{"rendered":"<p>Misi\u00f3n, Visi\u00f3n y Objetivos Nuestra Misi\u00f3n Somos un Establecimiento Educativo de car\u00e1cter oficial y t\u00e9cnico ubicado en el suroriente de Soledad-Atl\u00e1ntico, que busca formar j\u00f3venes \u00edntegros para la sociedad y el trabajo mediante la articulaci\u00f3n de saberes, necesidades e intereses de la comunidad y la educaci\u00f3n CRESE, orientados bajo los principios y valores del humanismo [&hellip;]<\/p>\n","protected":false},"author":1,"featured_media":0,"parent":0,"menu_order":0,"comment_status":"closed","ping_status":"closed","template":"","meta":{"site-sidebar-layout":"no-sidebar","site-content-layout":"page-builder","ast-site-content-layout":"default","site-content-style":"default","site-sidebar-style":"default","ast-global-header-display":"","ast-banner-title-visibility":"","ast-main-header-display":"","ast-hfb-above-header-display":"","ast-hfb-below-header-display":"","ast-hfb-mobile-header-display":"","site-post-title":"disabled","ast-breadcrumbs-content":"disabled","ast-featured-img":"disabled","footer-sml-layout":"","theme-transparent-header-meta":"default","adv-header-id-meta":"","stick-header-meta":"","header-above-stick-meta":"","header-main-stick-meta":"","header-below-stick-meta":"","astra-migrate-meta-layouts":"default","ast-page-background-enabled":"default","ast-page-background-meta":{"desktop":{"background-color":"","background-image":"","background-repeat":"repeat","background-position":"center center","background-size":"auto","background-attachment":"scroll","background-type":"","background-media":"","overlay-type":"","overlay-color":"","overlay-opacity":"","overlay-gradient":""},"tablet":{"background-color":"","background-image":"","background-repeat":"repeat","background-position":"center center","background-size":"auto","background-attachment":"scroll","background-type":"","background-media":"","overlay-type":"","overlay-color":"","overlay-opacity":"","overlay-gradient":""},"mobile":{"background-color":"","background-image":"","background-repeat":"repeat","background-position":"center center","background-size":"auto","background-attachment":"scroll","background-type":"","background-media":"","overlay-type":"","overlay-color":"","overlay-opacity":"","overlay-gradient":""}},"ast-content-background-meta":{"desktop":{"background-color":"var(--ast-global-color-5)","background-image":"","background-repeat":"repeat","background-position":"center center","background-size":"auto","background-attachment":"scroll","background-type":"","background-media":"","overlay-type":"","overlay-color":"","overlay-opacity":"","overlay-gradient":""},"tablet":{"background-color":"var(--ast-global-color-5)","background-image":"","background-repeat":"repeat","background-position":"center center","background-size":"auto","background-attachment":"scroll","background-type":"","background-media":"","overlay-type":"","overlay-color":"","overlay-opacity":"","overlay-gradient":""},"mobile":{"background-color":"var(--ast-global-color-5)","background-image":"","background-repeat":"repeat","background-position":"center center","background-size":"auto","background-attachment":"scroll","background-type":"","background-media":"","overlay-type":"","overlay-color":"","overlay-opacity":"","overlay-gradient":""}},"footnotes":""},"class_list":["post-1304","page","type-page","status-publish","hentry"],"_links":{"self":[{"href":"https:\/\/ntrasradelcarmen.edu.co\/start\/wp-json\/wp\/v2\/pages\/1304","targetHints":{"allow":["GET"]}}],"collection":[{"href":"https:\/\/ntrasradelcarmen.edu.co\/start\/wp-json\/wp\/v2\/pages"}],"about":[{"href":"https:\/\/ntrasradelcarmen.edu.co\/start\/wp-json\/wp\/v2\/types\/page"}],"author":[{"embeddable":true,"href":"https:\/\/ntrasradelcarmen.edu.co\/start\/wp-json\/wp\/v2\/users\/1"}],"replies":[{"embeddable":true,"href":"https:\/\/ntrasradelcarmen.edu.co\/start\/wp-json\/wp\/v2\/comments?post=1304"}],"version-history":[{"count":26,"href":"https:\/\/ntrasradelcarmen.edu.co\/start\/wp-json\/wp\/v2\/pages\/1304\/revisions"}],"predecessor-version":[{"id":2110,"href":"https:\/\/ntrasradelcarmen.edu.co\/start\/wp-json\/wp\/v2\/pages\/1304\/revisions\/2110"}],"wp:attachment":[{"href":"https:\/\/ntrasradelcarmen.edu.co\/start\/wp-json\/wp\/v2\/media?parent=1304"}],"curies":[{"name":"wp","href":"https:\/\/api.w.org\/{rel}","templated":true}]}}