{"id":1281,"date":"2025-09-30T16:18:32","date_gmt":"2025-09-30T16:18:32","guid":{"rendered":"https:\/\/ntrasradelcarmen.edu.co\/start\/?page_id=1281"},"modified":"2025-11-06T01:28:18","modified_gmt":"2025-11-06T01:28:18","slug":"nuestra-historia","status":"publish","type":"page","link":"https:\/\/ntrasradelcarmen.edu.co\/start\/nuestra-historia\/","title":{"rendered":"Nuestra Historia"},"content":{"rendered":"\t\t<div data-elementor-type=\"wp-page\" data-elementor-id=\"1281\" class=\"elementor elementor-1281\">\n\t\t\t\t\t\t<section class=\"elementor-section elementor-top-section elementor-element elementor-element-9mdhly4 elementor-section-content-top elementor-section-boxed elementor-section-height-default elementor-section-height-default\" data-id=\"9mdhly4\" data-element_type=\"section\" data-settings=\"{&quot;background_background&quot;:&quot;classic&quot;}\">\n\t\t\t\t\t\t\t<div class=\"elementor-background-overlay\"><\/div>\n\t\t\t\t\t\t\t<div class=\"elementor-container elementor-column-gap-no\">\n\t\t\t\t\t<div class=\"elementor-column elementor-col-50 elementor-top-column elementor-element elementor-element-c887da0 animated-slow elementor-invisible\" data-id=\"c887da0\" data-element_type=\"column\" data-settings=\"{&quot;animation&quot;:&quot;slideInLeft&quot;,&quot;animation_delay&quot;:100}\">\n\t\t\t<div class=\"elementor-widget-wrap elementor-element-populated\">\n\t\t\t\t\t\t<div class=\"elementor-element elementor-element-fe4c369 elementor-widget elementor-widget-heading\" data-id=\"fe4c369\" data-element_type=\"widget\" data-widget_type=\"heading.default\">\n\t\t\t\t<div class=\"elementor-widget-container\">\n\t\t\t\t\t<h2 class=\"elementor-heading-title elementor-size-default\">Conoce nuestra historia<\/h2>\t\t\t\t<\/div>\n\t\t\t\t<\/div>\n\t\t\t\t<div class=\"elementor-element elementor-element-427f30e elementor-widget elementor-widget-text-editor\" data-id=\"427f30e\" data-element_type=\"widget\" data-widget_type=\"text-editor.default\">\n\t\t\t\t<div class=\"elementor-widget-container\">\n\t\t\t\t\t\t\t\t\t<p>En el a\u00f1o de 1970, los moradores del barrio El Esfuerzo, viendo la necesidad de tener un lugar en donde sus hijos recibieran una formaci\u00f3n educativa, unieron esfuerzos e implementaron un proyecto para la construcci\u00f3n de un Centro Educativo, el cual inici\u00f3 con la marcha del ladrillo, realizada el d\u00eda 14 de noviembre de 1970. Entre noviembre de 1970 y diciembre de 1971, se ejecut\u00f3 el Proyecto para lo cual, se hicieron tres (3) aulas de clases y un puesto de salud.<\/p>\t\t\t\t\t\t\t\t<\/div>\n\t\t\t\t<\/div>\n\t\t\t\t\t<\/div>\n\t\t<\/div>\n\t\t\t\t<div class=\"elementor-column elementor-col-50 elementor-top-column elementor-element elementor-element-f2f9049 animated-slow elementor-invisible\" data-id=\"f2f9049\" data-element_type=\"column\" data-settings=\"{&quot;animation&quot;:&quot;fadeInRight&quot;,&quot;animation_delay&quot;:200}\">\n\t\t\t<div class=\"elementor-widget-wrap elementor-element-populated\">\n\t\t\t\t\t\t<div class=\"elementor-element elementor-element-7027158 elementor-widget__width-initial elementor-widget elementor-widget-accordion\" data-id=\"7027158\" data-element_type=\"widget\" data-widget_type=\"accordion.default\">\n\t\t\t\t<div class=\"elementor-widget-container\">\n\t\t\t\t\t\t\t<div class=\"elementor-accordion\">\n\t\t\t\t\t\t\t<div class=\"elementor-accordion-item\">\n\t\t\t\t\t<div id=\"elementor-tab-title-1171\" class=\"elementor-tab-title\" data-tab=\"1\" role=\"button\" aria-controls=\"elementor-tab-content-1171\" aria-expanded=\"false\">\n\t\t\t\t\t\t\t\t\t\t\t\t\t<span class=\"elementor-accordion-icon elementor-accordion-icon-right\" aria-hidden=\"true\">\n\t\t\t\t\t\t\t\t\t\t\t\t\t\t\t<span class=\"elementor-accordion-icon-closed\"><i class=\"fas fa-caret-right\"><\/i><\/span>\n\t\t\t\t\t\t\t\t<span class=\"elementor-accordion-icon-opened\"><i class=\"fas fa-caret-down\"><\/i><\/span>\n\t\t\t\t\t\t\t\t\t\t\t\t\t\t<\/span>\n\t\t\t\t\t\t\t\t\t\t\t\t<a class=\"elementor-accordion-title\" tabindex=\"0\">Octubre 28 de 1971...<\/a>\n\t\t\t\t\t<\/div>\n\t\t\t\t\t<div id=\"elementor-tab-content-1171\" class=\"elementor-tab-content elementor-clearfix\" data-tab=\"1\" role=\"region\" aria-labelledby=\"elementor-tab-title-1171\"><p style=\"text-align: justify;\">En octubre 28 de 1971, durante la administraci\u00f3n del se\u00f1or Alberto Lafourie, se llev\u00f3 a cabo la fundaci\u00f3n del Establecimiento Educativo con el nombre de <strong>Escuela Mixta No. 3 \u2013 Nuestra Se\u00f1ora del Carmen<\/strong>, con la participaci\u00f3n de la comunidad. Los primeros docentes fueron Carmen Celed\u00f3n (directora) y Cesar Pineda (docente), quienes atendieron a los ni\u00f1os del primer, segundo y tercer grado de primaria, funcionando con ochenta (80) estudiantes a febrero de 1972.<\/p><\/div>\n\t\t\t\t<\/div>\n\t\t\t\t\t\t\t<div class=\"elementor-accordion-item\">\n\t\t\t\t\t<div id=\"elementor-tab-title-1172\" class=\"elementor-tab-title\" data-tab=\"2\" role=\"button\" aria-controls=\"elementor-tab-content-1172\" aria-expanded=\"false\">\n\t\t\t\t\t\t\t\t\t\t\t\t\t<span class=\"elementor-accordion-icon elementor-accordion-icon-right\" aria-hidden=\"true\">\n\t\t\t\t\t\t\t\t\t\t\t\t\t\t\t<span class=\"elementor-accordion-icon-closed\"><i class=\"fas fa-caret-right\"><\/i><\/span>\n\t\t\t\t\t\t\t\t<span class=\"elementor-accordion-icon-opened\"><i class=\"fas fa-caret-down\"><\/i><\/span>\n\t\t\t\t\t\t\t\t\t\t\t\t\t\t<\/span>\n\t\t\t\t\t\t\t\t\t\t\t\t<a class=\"elementor-accordion-title\" tabindex=\"0\">Primeros docentes de la instituci\u00f3n<\/a>\n\t\t\t\t\t<\/div>\n\t\t\t\t\t<div id=\"elementor-tab-content-1172\" class=\"elementor-tab-content elementor-clearfix\" data-tab=\"2\" role=\"region\" aria-labelledby=\"elementor-tab-title-1172\"><p style=\"text-align: justify;\">En 1973, la Alcald\u00eda de Soledad, env\u00eda a la Se\u00f1ora Arelys Mackenzie como directora de la Instituci\u00f3n y encargada de un grupo. Tiempo despu\u00e9s, el gobierno departamental comienza a enviar docentes nombrados por el M.E.N., cuyos nombres son Mar\u00eda Caridad Villarreal de Pinz\u00f3n, Nidia De Jes\u00fas Barraza de Roa y la Licorera del Atl\u00e1ntico nombr\u00f3 tambi\u00e9n a Isabel Ebrath. Estas personas fueron los primeros docentes de la escuela, que funcionaba con cuatro grupos.<\/p><\/div>\n\t\t\t\t<\/div>\n\t\t\t\t\t\t\t<div class=\"elementor-accordion-item\">\n\t\t\t\t\t<div id=\"elementor-tab-title-1173\" class=\"elementor-tab-title\" data-tab=\"3\" role=\"button\" aria-controls=\"elementor-tab-content-1173\" aria-expanded=\"false\">\n\t\t\t\t\t\t\t\t\t\t\t\t\t<span class=\"elementor-accordion-icon elementor-accordion-icon-right\" aria-hidden=\"true\">\n\t\t\t\t\t\t\t\t\t\t\t\t\t\t\t<span class=\"elementor-accordion-icon-closed\"><i class=\"fas fa-caret-right\"><\/i><\/span>\n\t\t\t\t\t\t\t\t<span class=\"elementor-accordion-icon-opened\"><i class=\"fas fa-caret-down\"><\/i><\/span>\n\t\t\t\t\t\t\t\t\t\t\t\t\t\t<\/span>\n\t\t\t\t\t\t\t\t\t\t\t\t<a class=\"elementor-accordion-title\" tabindex=\"0\">Consolidaci\u00f3n y cambio de nombre de la instituci\u00f3n<\/a>\n\t\t\t\t\t<\/div>\n\t\t\t\t\t<div id=\"elementor-tab-content-1173\" class=\"elementor-tab-content elementor-clearfix\" data-tab=\"3\" role=\"region\" aria-labelledby=\"elementor-tab-title-1173\"><p style=\"text-align: justify;\">En 1981, le encargaron la Direcci\u00f3n del Plantel Educativo a la docente Mar\u00eda Caridad Villarreal de Pinz\u00f3n, quien estuvo en ese cargo hasta el a\u00f1o 2022. En 1995 la Instituci\u00f3n cambi\u00f3 su raz\u00f3n social, pasando a denominarse <strong>Instituci\u00f3n de Educaci\u00f3n B\u00e1sica No. 32 Nuestra Se\u00f1ora del Carmen<\/strong>; para este momento, funcionaba con 12 cursos en los grados de Preescolar y B\u00e1sica Primaria, y con 13 docentes de resorte municipal y departamental seg\u00fan Acuerdo 075 del 22 de septiembre de 1992.\n\n<p style=\"text-align: justify;\"> Mediante el Decreto 000919 del 28 de octubre 2002, la Instituci\u00f3n cambi\u00f3 nuevamente su raz\u00f3n social, quedando ahora con el nombre de <strong>Instituci\u00f3n Educativa Nuestra Se\u00f1ora del Carmen<\/strong>. Durante este a\u00f1o, tambi\u00e9n se present\u00f3 el proyecto de ampliaci\u00f3n de cobertura para implementar en la Instituci\u00f3n desde el nivel Preescolar hasta el Noveno Grado, iniciando en el 2003 el nivel de B\u00e1sica Secundaria con el grado sexto con 48 estudiantes en el grupo.\n\n<p style=\"text-align: justify;\"> Posteriormente, del 2003 al 2006, secuencialmente, se implementan los grados sexto, s\u00e9ptimo, octavo y noveno, completando as\u00ed su oferta hasta la B\u00e1sica Secundaria.<\/div>\n\t\t\t\t<\/div>\n\t\t\t\t\t\t\t<div class=\"elementor-accordion-item\">\n\t\t\t\t\t<div id=\"elementor-tab-title-1174\" class=\"elementor-tab-title\" data-tab=\"4\" role=\"button\" aria-controls=\"elementor-tab-content-1174\" aria-expanded=\"false\">\n\t\t\t\t\t\t\t\t\t\t\t\t\t<span class=\"elementor-accordion-icon elementor-accordion-icon-right\" aria-hidden=\"true\">\n\t\t\t\t\t\t\t\t\t\t\t\t\t\t\t<span class=\"elementor-accordion-icon-closed\"><i class=\"fas fa-caret-right\"><\/i><\/span>\n\t\t\t\t\t\t\t\t<span class=\"elementor-accordion-icon-opened\"><i class=\"fas fa-caret-down\"><\/i><\/span>\n\t\t\t\t\t\t\t\t\t\t\t\t\t\t<\/span>\n\t\t\t\t\t\t\t\t\t\t\t\t<a class=\"elementor-accordion-title\" tabindex=\"0\">Ampliaci\u00f3n de la planta f\u00edsica y apertura de la Media T\u00e9cnica<\/a>\n\t\t\t\t\t<\/div>\n\t\t\t\t\t<div id=\"elementor-tab-content-1174\" class=\"elementor-tab-content elementor-clearfix\" data-tab=\"4\" role=\"region\" aria-labelledby=\"elementor-tab-title-1174\"><p style=\"text-align: justify;\"> Esta ampliaci\u00f3n permiti\u00f3 asumir el reto de presentar una propuesta para abrir el nivel de Media T\u00e9cnica en el a\u00f1o 2007, ofreciendo a la comunidad un servicio que le permitir\u00eda a los ni\u00f1os(as) y j\u00f3venes del barrio El Esfuerzo y barrios aleda\u00f1os, culminar sus estudios de Bachillerato con formaci\u00f3n t\u00e9cnica en Electr\u00f3nica, cuyo \u00e9nfasis en su momento fue el Mantenimiento de Computadores y Ciencias de la Salud. Tambi\u00e9n en este a\u00f1o, la Alcald\u00eda de Soledad dot\u00f3 el aula de inform\u00e1tica favoreciendo con esto a una mejor formaci\u00f3n de los educandos.\n\n<p style=\"text-align: justify;\"> La aprobaci\u00f3n de la Media T\u00e9cnica se consigui\u00f3 despu\u00e9s de muchos esfuerzos mediante una evaluaci\u00f3n y verificaci\u00f3n del PEI y de una inspecci\u00f3n de la planta f\u00edsica realizada el 2 de julio del 2008 para cumplir con los requisitos del convenio SENA. Adem\u00e1s, durante este 2008 pasaron dos eventos importantes: con el apoyo de la Alcald\u00eda de Soledad, se inaugur\u00f3 el Laboratorio de Ciencias Naturales y tambi\u00e9n la Instituci\u00f3n otorg\u00f3 su primer t\u00edtulo de bachillerato, promocionando un total de 24 estudiantes como T\u00e9cnico en Mantenimiento de Computadores y Salud.<\/div>\n\t\t\t\t<\/div>\n\t\t\t\t\t\t\t<div class=\"elementor-accordion-item\">\n\t\t\t\t\t<div id=\"elementor-tab-title-1175\" class=\"elementor-tab-title\" data-tab=\"5\" role=\"button\" aria-controls=\"elementor-tab-content-1175\" aria-expanded=\"false\">\n\t\t\t\t\t\t\t\t\t\t\t\t\t<span class=\"elementor-accordion-icon elementor-accordion-icon-right\" aria-hidden=\"true\">\n\t\t\t\t\t\t\t\t\t\t\t\t\t\t\t<span class=\"elementor-accordion-icon-closed\"><i class=\"fas fa-caret-right\"><\/i><\/span>\n\t\t\t\t\t\t\t\t<span class=\"elementor-accordion-icon-opened\"><i class=\"fas fa-caret-down\"><\/i><\/span>\n\t\t\t\t\t\t\t\t\t\t\t\t\t\t<\/span>\n\t\t\t\t\t\t\t\t\t\t\t\t<a class=\"elementor-accordion-title\" tabindex=\"0\">Articulaci\u00f3n con ITSA y adecuaci\u00f3n del entorno institucional<\/a>\n\t\t\t\t\t<\/div>\n\t\t\t\t\t<div id=\"elementor-tab-content-1175\" class=\"elementor-tab-content elementor-clearfix\" data-tab=\"5\" role=\"region\" aria-labelledby=\"elementor-tab-title-1175\"><p style=\"text-align: justify;\"> En el 2009 se inicia el proceso de Articulaci\u00f3n ITSA con la participaci\u00f3n de los estudiantes de noveno grado en el proyecto<em> Fortalezco mi Perfil para el Mundo del Trabajo<\/em>. Tambi\u00e9n se realiz\u00f3 un proyecto de adecuaci\u00f3n del entorno de la instituci\u00f3n que consiste en la adecuaci\u00f3n de un parque para la comunidad en general.<\/div>\n\t\t\t\t<\/div>\n\t\t\t\t\t\t\t<div class=\"elementor-accordion-item\">\n\t\t\t\t\t<div id=\"elementor-tab-title-1176\" class=\"elementor-tab-title\" data-tab=\"6\" role=\"button\" aria-controls=\"elementor-tab-content-1176\" aria-expanded=\"false\">\n\t\t\t\t\t\t\t\t\t\t\t\t\t<span class=\"elementor-accordion-icon elementor-accordion-icon-right\" aria-hidden=\"true\">\n\t\t\t\t\t\t\t\t\t\t\t\t\t\t\t<span class=\"elementor-accordion-icon-closed\"><i class=\"fas fa-caret-right\"><\/i><\/span>\n\t\t\t\t\t\t\t\t<span class=\"elementor-accordion-icon-opened\"><i class=\"fas fa-caret-down\"><\/i><\/span>\n\t\t\t\t\t\t\t\t\t\t\t\t\t\t<\/span>\n\t\t\t\t\t\t\t\t\t\t\t\t<a class=\"elementor-accordion-title\" tabindex=\"0\">Ampliaci\u00f3n de infraestructura, programas de calidad y convenios de articulaci\u00f3n<\/a>\n\t\t\t\t\t<\/div>\n\t\t\t\t\t<div id=\"elementor-tab-content-1176\" class=\"elementor-tab-content elementor-clearfix\" data-tab=\"6\" role=\"region\" aria-labelledby=\"elementor-tab-title-1176\"><p style=\"text-align: justify;\"> Entre los a\u00f1os 2010-2012, la Instituci\u00f3n fue favorecida por parte de la Alcald\u00eda de Soledad, con la construcci\u00f3n de una nueva edificaci\u00f3n en forma de \u201cL\u201d dentro del per\u00edmetro del plantel, que permiti\u00f3 la ampliaci\u00f3n de la oferta educativa y de sus servicios complementarios. Para el a\u00f1o 2013, la Instituci\u00f3n fue focalizada por parte de la S.E.M. Soledad en el programa del M.E.N. denominado Programa Todos a Aprender \u2013 PTA. Desde entonces, le fue asignado un tutor que orienta, asesora y otorga garant\u00edas de buenas pr\u00e1cticas educativas en favor del aprendizaje de los estudiantes del Preescolar y B\u00e1sica Primaria en las \u00e1reas de Matem\u00e1ticas y Lenguaje.\n\n<p style=\"text-align: justify;\"> El convenio ITSA estuvo vigente hasta el a\u00f1o 2017, en virtud de que la administraci\u00f3n municipal rompi\u00f3 el contrato que sosten\u00eda con el ente privado, dejando a la Instituci\u00f3n obligada a ofrecer el servicio t\u00e9cnico con certificaci\u00f3n propia. Un a\u00f1o m\u00e1s tarde (2018), la Instituci\u00f3n logra a trav\u00e9s de la SEM conquistar un convenio interinstitucional de articulaci\u00f3n con el SENA. Esta vez, para ofrecer a los estudiantes la formaci\u00f3n en T\u00e9cnico en Sistemas Tele inform\u00e1ticos.<\/div>\n\t\t\t\t<\/div>\n\t\t\t\t\t\t\t<div class=\"elementor-accordion-item\">\n\t\t\t\t\t<div id=\"elementor-tab-title-1177\" class=\"elementor-tab-title\" data-tab=\"7\" role=\"button\" aria-controls=\"elementor-tab-content-1177\" aria-expanded=\"false\">\n\t\t\t\t\t\t\t\t\t\t\t\t\t<span class=\"elementor-accordion-icon elementor-accordion-icon-right\" aria-hidden=\"true\">\n\t\t\t\t\t\t\t\t\t\t\t\t\t\t\t<span class=\"elementor-accordion-icon-closed\"><i class=\"fas fa-caret-right\"><\/i><\/span>\n\t\t\t\t\t\t\t\t<span class=\"elementor-accordion-icon-opened\"><i class=\"fas fa-caret-down\"><\/i><\/span>\n\t\t\t\t\t\t\t\t\t\t\t\t\t\t<\/span>\n\t\t\t\t\t\t\t\t\t\t\t\t<a class=\"elementor-accordion-title\" tabindex=\"0\">Transici\u00f3n de rector\u00eda y avances en la educaci\u00f3n inicial<\/a>\n\t\t\t\t\t<\/div>\n\t\t\t\t\t<div id=\"elementor-tab-content-1177\" class=\"elementor-tab-content elementor-clearfix\" data-tab=\"7\" role=\"region\" aria-labelledby=\"elementor-tab-title-1177\"><p style=\"text-align: justify;\"> Para el a\u00f1o 2022, la rectora Mar\u00eda Caridad Villarreal de Pinz\u00f3n asume su retiro forzoso del servicio educativo, dejando en el cargo al nuevo rector, el Sr. Edwin Lozano Gonz\u00e1lez, quien empieza a liderar los procesos pedag\u00f3gicos y administrativos en favor de continuar transformando el clima escolar y acad\u00e9mico de la comunidad. Durante su gesti\u00f3n en el a\u00f1o 2024, se logr\u00f3 la construcci\u00f3n de una nueva sala de profesores y el pilotaje orientado por la S.E.M. Soledad para la implementaci\u00f3n de los otros dos (2) grados del Preescolar: Prejard\u00edn y Jard\u00edn.<\/div>\n\t\t\t\t<\/div>\n\t\t\t\t\t\t\t<div class=\"elementor-accordion-item\">\n\t\t\t\t\t<div id=\"elementor-tab-title-1178\" class=\"elementor-tab-title\" data-tab=\"8\" role=\"button\" aria-controls=\"elementor-tab-content-1178\" aria-expanded=\"false\">\n\t\t\t\t\t\t\t\t\t\t\t\t\t<span class=\"elementor-accordion-icon elementor-accordion-icon-right\" aria-hidden=\"true\">\n\t\t\t\t\t\t\t\t\t\t\t\t\t\t\t<span class=\"elementor-accordion-icon-closed\"><i class=\"fas fa-caret-right\"><\/i><\/span>\n\t\t\t\t\t\t\t\t<span class=\"elementor-accordion-icon-opened\"><i class=\"fas fa-caret-down\"><\/i><\/span>\n\t\t\t\t\t\t\t\t\t\t\t\t\t\t<\/span>\n\t\t\t\t\t\t\t\t\t\t\t\t<a class=\"elementor-accordion-title\" tabindex=\"0\">Innovaci\u00f3n educativa con PTAFI 3.0 y cambio de rector\u00eda<\/a>\n\t\t\t\t\t<\/div>\n\t\t\t\t\t<div id=\"elementor-tab-content-1178\" class=\"elementor-tab-content elementor-clearfix\" data-tab=\"8\" role=\"region\" aria-labelledby=\"elementor-tab-title-1178\"><p style=\"text-align: justify;\"> Dada la focalizaci\u00f3n de la Instituci\u00f3n en el programa PTA y la transformaci\u00f3n que este tuvo desde el inicio del a\u00f1o 2024, pasando a denominarse Programa de Tutor\u00edas para el Aprendizaje y la Formaci\u00f3n Integral \u2013 PTAFI 3.0, se logr\u00f3 la implementaci\u00f3n de dos (2) Centros de Inter\u00e9s ofertados por el M.E.N. y Min. Cultura: Innovaci\u00f3n, Ciencia y Tecnolog\u00eda con Enfoque STEM+ y M\u00fasica, respectivamente. Ya a mediados del a\u00f1o 2025, nuevamente la administraci\u00f3n municipal sorprende a la comunidad educativa trasladando al rector Edwin Lozano Gonz\u00e1lez y en su reemplazo trae al actual rector, el Sr. Edwin Pe\u00f1a Castro.<\/div>\n\t\t\t\t<\/div>\n\t\t\t\t\t\t\t<div class=\"elementor-accordion-item\">\n\t\t\t\t\t<div id=\"elementor-tab-title-1179\" class=\"elementor-tab-title\" data-tab=\"9\" role=\"button\" aria-controls=\"elementor-tab-content-1179\" aria-expanded=\"false\">\n\t\t\t\t\t\t\t\t\t\t\t\t\t<span class=\"elementor-accordion-icon elementor-accordion-icon-right\" aria-hidden=\"true\">\n\t\t\t\t\t\t\t\t\t\t\t\t\t\t\t<span class=\"elementor-accordion-icon-closed\"><i class=\"fas fa-caret-right\"><\/i><\/span>\n\t\t\t\t\t\t\t\t<span class=\"elementor-accordion-icon-opened\"><i class=\"fas fa-caret-down\"><\/i><\/span>\n\t\t\t\t\t\t\t\t\t\t\t\t\t\t<\/span>\n\t\t\t\t\t\t\t\t\t\t\t\t<a class=\"elementor-accordion-title\" tabindex=\"0\">Actualmente...<\/a>\n\t\t\t\t\t<\/div>\n\t\t\t\t\t<div id=\"elementor-tab-content-1179\" class=\"elementor-tab-content elementor-clearfix\" data-tab=\"9\" role=\"region\" aria-labelledby=\"elementor-tab-title-1179\"><p style=\"text-align: justify;\"> En la administraci\u00f3n del nuevo rector, se formula un Plan de Formaci\u00f3n Integral (P.F.I.) que da continuidad a los procesos acad\u00e9micos y administrativos, a los convenios de articulaci\u00f3n SENA, a los Centros de Inter\u00e9s de la Oferta Intersectorial, y se empiezan a implementar tres (3) Centros de Inter\u00e9s Propios liderados por algunos profesores del cuerpo docente.<\/div>\n\t\t\t\t<\/div>\n\t\t\t\t\t\t\t\t<\/div>\n\t\t\t\t\t\t<\/div>\n\t\t\t\t<\/div>\n\t\t\t\t\t<\/div>\n\t\t<\/div>\n\t\t\t\t\t<\/div>\n\t\t<\/section>\n\t\t<div class=\"elementor-element elementor-element-a3b0f8c e-flex e-con-boxed e-con e-parent\" data-id=\"a3b0f8c\" data-element_type=\"container\" data-settings=\"{&quot;background_background&quot;:&quot;classic&quot;}\">\n\t\t\t\t\t<div class=\"e-con-inner\">\n\t\t\t\t<div class=\"elementor-element elementor-element-ceada7c elementor-widget elementor-widget-image-box\" data-id=\"ceada7c\" data-element_type=\"widget\" data-widget_type=\"image-box.default\">\n\t\t\t\t<div class=\"elementor-widget-container\">\n\t\t\t\t\t<div class=\"elementor-image-box-wrapper\"><div class=\"elementor-image-box-content\"><h2 class=\"elementor-image-box-title\">\u00bfQuieres saber m\u00e1s?<\/h2><\/div><\/div>\t\t\t\t<\/div>\n\t\t\t\t<\/div>\n\t\t\t\t<div class=\"elementor-element elementor-element-ba10e5a elementor-align-center elementor-widget elementor-widget-button\" data-id=\"ba10e5a\" data-element_type=\"widget\" data-widget_type=\"button.default\">\n\t\t\t\t<div class=\"elementor-widget-container\">\n\t\t\t\t\t\t\t\t\t<div class=\"elementor-button-wrapper\">\n\t\t\t\t\t<a class=\"elementor-button elementor-button-link elementor-size-sm\" href=\"https:\/\/ntrasradelcarmen.edu.co\/start\/sobre-nosotros\/\">\n\t\t\t\t\t\t<span class=\"elementor-button-content-wrapper\">\n\t\t\t\t\t\t\t\t\t<span class=\"elementor-button-text\">Saber m\u00e1s<\/span>\n\t\t\t\t\t<\/span>\n\t\t\t\t\t<\/a>\n\t\t\t\t<\/div>\n\t\t\t\t\t\t\t\t<\/div>\n\t\t\t\t<\/div>\n\t\t\t\t\t<\/div>\n\t\t\t\t<\/div>\n\t\t\t\t<\/div>\n\t\t","protected":false},"excerpt":{"rendered":"<p>Conoce nuestra historia En el a\u00f1o de 1970, los moradores del barrio El Esfuerzo, viendo la necesidad de tener un lugar en donde sus hijos recibieran una formaci\u00f3n educativa, unieron esfuerzos e implementaron un proyecto para la construcci\u00f3n de un Centro Educativo, el cual inici\u00f3 con la marcha del ladrillo, realizada el d\u00eda 14 de [&hellip;]<\/p>\n","protected":false},"author":1,"featured_media":0,"parent":0,"menu_order":0,"comment_status":"closed","ping_status":"closed","template":"","meta":{"site-sidebar-layout":"no-sidebar","site-content-layout":"page-builder","ast-site-content-layout":"default","site-content-style":"default","site-sidebar-style":"default","ast-global-header-display":"","ast-banner-title-visibility":"","ast-main-header-display":"","ast-hfb-above-header-display":"","ast-hfb-below-header-display":"","ast-hfb-mobile-header-display":"","site-post-title":"disabled","ast-breadcrumbs-content":"disabled","ast-featured-img":"disabled","footer-sml-layout":"","theme-transparent-header-meta":"default","adv-header-id-meta":"","stick-header-meta":"","header-above-stick-meta":"","header-main-stick-meta":"","header-below-stick-meta":"","astra-migrate-meta-layouts":"default","ast-page-background-enabled":"default","ast-page-background-meta":{"desktop":{"background-color":"","background-image":"","background-repeat":"repeat","background-position":"center center","background-size":"auto","background-attachment":"scroll","background-type":"","background-media":"","overlay-type":"","overlay-color":"","overlay-opacity":"","overlay-gradient":""},"tablet":{"background-color":"","background-image":"","background-repeat":"repeat","background-position":"center center","background-size":"auto","background-attachment":"scroll","background-type":"","background-media":"","overlay-type":"","overlay-color":"","overlay-opacity":"","overlay-gradient":""},"mobile":{"background-color":"","background-image":"","background-repeat":"repeat","background-position":"center center","background-size":"auto","background-attachment":"scroll","background-type":"","background-media":"","overlay-type":"","overlay-color":"","overlay-opacity":"","overlay-gradient":""}},"ast-content-background-meta":{"desktop":{"background-color":"var(--ast-global-color-5)","background-image":"","background-repeat":"repeat","background-position":"center center","background-size":"auto","background-attachment":"scroll","background-type":"","background-media":"","overlay-type":"","overlay-color":"","overlay-opacity":"","overlay-gradient":""},"tablet":{"background-color":"var(--ast-global-color-5)","background-image":"","background-repeat":"repeat","background-position":"center center","background-size":"auto","background-attachment":"scroll","background-type":"","background-media":"","overlay-type":"","overlay-color":"","overlay-opacity":"","overlay-gradient":""},"mobile":{"background-color":"var(--ast-global-color-5)","background-image":"","background-repeat":"repeat","background-position":"center center","background-size":"auto","background-attachment":"scroll","background-type":"","background-media":"","overlay-type":"","overlay-color":"","overlay-opacity":"","overlay-gradient":""}},"footnotes":""},"class_list":["post-1281","page","type-page","status-publish","hentry"],"_links":{"self":[{"href":"https:\/\/ntrasradelcarmen.edu.co\/start\/wp-json\/wp\/v2\/pages\/1281","targetHints":{"allow":["GET"]}}],"collection":[{"href":"https:\/\/ntrasradelcarmen.edu.co\/start\/wp-json\/wp\/v2\/pages"}],"about":[{"href":"https:\/\/ntrasradelcarmen.edu.co\/start\/wp-json\/wp\/v2\/types\/page"}],"author":[{"embeddable":true,"href":"https:\/\/ntrasradelcarmen.edu.co\/start\/wp-json\/wp\/v2\/users\/1"}],"replies":[{"embeddable":true,"href":"https:\/\/ntrasradelcarmen.edu.co\/start\/wp-json\/wp\/v2\/comments?post=1281"}],"version-history":[{"count":32,"href":"https:\/\/ntrasradelcarmen.edu.co\/start\/wp-json\/wp\/v2\/pages\/1281\/revisions"}],"predecessor-version":[{"id":2236,"href":"https:\/\/ntrasradelcarmen.edu.co\/start\/wp-json\/wp\/v2\/pages\/1281\/revisions\/2236"}],"wp:attachment":[{"href":"https:\/\/ntrasradelcarmen.edu.co\/start\/wp-json\/wp\/v2\/media?parent=1281"}],"curies":[{"name":"wp","href":"https:\/\/api.w.org\/{rel}","templated":true}]}}